{"id":6044,"date":"2026-04-04T21:16:32","date_gmt":"2026-04-04T21:16:32","guid":{"rendered":"https:\/\/www.wpconsults.com\/?page_id=6044"},"modified":"2026-04-04T21:33:03","modified_gmt":"2026-04-04T21:33:03","slug":"faqs","status":"publish","type":"page","link":"https:\/\/www.wpconsults.com\/fr\/faqs\/","title":{"rendered":"FAQ"},"content":{"rendered":"<div data-elementor-type=\"wp-page\" data-elementor-id=\"6044\" class=\"elementor elementor-6044\" data-elementor-post-type=\"page\">\n\t\t\t\t<div class=\"elementor-element elementor-element-01b2f6d e-flex e-con-boxed e-con e-parent\" data-id=\"01b2f6d\" data-element_type=\"container\" data-e-type=\"container\">\n\t\t\t\t\t<div class=\"e-con-inner\">\n\t\t\t\t\t\t\t<h1 \n\t\tdata-interaction-id=\"dd25661\" \n\t\tclass=\"e-heading-base\" \n\t\t \n\t\tdata-e-type=\"widget\" data-id=\"dd25661\"\n\t>\n\t\n\t\t\tQuestions fr\u00e9quemment pos\u00e9es\n\t\t<\/h1>\n\t\t\t\t<div class=\"elementor-element elementor-element-3ce9bc2 elementor-widget elementor-widget-text-editor\" data-id=\"3ce9bc2\" data-element_type=\"widget\" data-e-type=\"widget\" data-widget_type=\"text-editor.default\">\n\t\t\t\t<div class=\"elementor-widget-container\">\n\t\t\t\t\t\t\t\t\t<p><strong>\u00c0 qui s'adresse WpConsults ?<\/strong><\/p><p>WpConsults travaille exclusivement avec des marques de commerce \u00e9lectronique. Si vous vendez des produits en ligne et que vous souhaitez augmenter votre trafic organique, am\u00e9liorer votre visibilit\u00e9 dans les moteurs de recherche et appara\u00eetre dans les r\u00e9sultats aliment\u00e9s par l'IA, vous \u00eates la personne qu'il vous faut. Nous servons des clients principalement aux \u00c9tats-Unis, avec des campagnes actives au Canada, au Royaume-Uni et en Australie.<\/p><p><strong>Comment recruter de nouveaux clients ?<\/strong><\/p><p>Chaque engagement commence par une conversation, pas par un argumentaire de vente. Vous remplissez notre formulaire de demande de renseignements <a href=\"https:\/\/www.wpconsults.com\/fr\/travailler-avec-wpconsults\/\">travailler avec nous<\/a> Sur la page d'accueil, donnez-nous un bref aper\u00e7u de votre magasin et de vos objectifs, et nous planifions un appel de d\u00e9couverte pour comprendre votre situation actuelle. A partir de l\u00e0, nous \u00e9laborons un plan de campagne adapt\u00e9 \u00e0 votre magasin avant de nous mettre d'accord sur quoi que ce soit. Nous n'acceptons que les clients pour lesquels nous sommes s\u00fbrs de pouvoir obtenir des r\u00e9sultats.<\/p><p><strong>Comment la tarification est-elle structur\u00e9e ?<\/strong><\/p><p>Notre travail est factur\u00e9 par campagne, et non comme un contrat mensuel permanent. Une campagne couvre une p\u00e9riode de quatre mois, ce qui nous donne une marge de man\u0153uvre suffisante pour mettre en \u0153uvre la strat\u00e9gie, cr\u00e9er une dynamique et commencer \u00e0 obtenir des r\u00e9sultats mesurables. Vous savez exactement \u00e0 quoi vous vous engagez d\u00e8s le premier jour, sans contrat \u00e0 dur\u00e9e ind\u00e9termin\u00e9e. Voir notre <span style=\"text-decoration: underline;\"><a href=\"https:\/\/www.wpconsults.com\/fr\/la-tarification\/\">la tarification<\/a> <\/span>structure.<\/p><p><strong>Qu'est-ce qu'une campagne ?<\/strong><\/p><p>En fonction de vos objectifs et de votre offre, une campagne peut inclure le r\u00e9f\u00e9rencement du commerce \u00e9lectronique (on-page, technique, contenu), <a href=\"https:\/\/www.wpconsults.com\/fr\/services\/la-geolocalisation-pour-le-commerce-electronique\/\">Optimisation g\u00e9n\u00e9rative des moteurs (GEO)<\/a>, Nous nous occupons de l'optimisation des moteurs de r\u00e9ponse (AEO), de la construction de la reconnaissance de la marque et des campagnes de publicit\u00e9 \u00e0 la performance. Nous couvrons <a href=\"https:\/\/www.wpconsults.com\/fr\/services\/\">chaque campagne de r\u00e9f\u00e9rencement<\/a> en fonction des besoins r\u00e9els de votre magasin, et non d'un mod\u00e8le fixe.\u00a0<\/p><p><strong>Combien de temps faut-il pour obtenir des r\u00e9sultats ?<\/strong><\/p><p>Le r\u00e9f\u00e9rencement est un canal de composition, pas un changement du jour au lendemain. La plupart des clients commencent \u00e0 voir des mouvements significatifs dans les classements organiques et le trafic au cours de la premi\u00e8re p\u00e9riode de campagne (quatre mois). Les magasins ayant des bases existantes plus solides ont tendance \u00e0 obtenir des r\u00e9sultats plus rapidement. Nous d\u00e9finissons des attentes honn\u00eates lors de l'int\u00e9gration afin que vous sachiez toujours o\u00f9 vous en \u00eates.<\/p><p><strong>Travaillez-vous avec des marques en dehors des \u00c9tats-Unis ?<\/strong><\/p><p>Oui. Bien que notre march\u00e9 principal soit les \u00c9tats-Unis, nous menons activement des campagnes pour des marques de commerce \u00e9lectronique au Canada, au Royaume-Uni et en Australie. Si votre magasin est bas\u00e9 ailleurs, n'h\u00e9sitez pas \u00e0 nous contacter et nous pourrons en discuter lors de l'appel de d\u00e9couverte.<\/p><p><strong>Qu'est-ce qui diff\u00e9rencie WpConsults d'une agence de r\u00e9f\u00e9rencement g\u00e9n\u00e9rale ?<\/strong><\/p><p>Nous nous concentrons enti\u00e8rement sur le commerce \u00e9lectronique. Cela signifie que nos processus, nos cadres et nos structures de campagne sont tous construits autour des d\u00e9fis uniques des boutiques bas\u00e9es sur les produits : r\u00e9f\u00e9rencement des catalogues, optimisation des pages de cat\u00e9gories, sch\u00e9ma des produits, visibilit\u00e9 GEO et rapports ax\u00e9s sur le chiffre d'affaires.<\/p><p><strong>Pouvez-vous nous aider si nous avons d\u00e9j\u00e0 travaill\u00e9 avec une autre agence de r\u00e9f\u00e9rencement ?<\/strong><\/p><p>Oui, et nous le faisons souvent. De nombreux clients s'adressent \u00e0 nous apr\u00e8s avoir obtenu des r\u00e9sultats d\u00e9cevants ailleurs. Nous commen\u00e7ons par un audit complet de ce qui a \u00e9t\u00e9 fait pr\u00e9c\u00e9demment, nous identifions ce qui fonctionne et ce qui ne fonctionne pas, et nous construisons \u00e0 partir d'une base de r\u00e9f\u00e9rence claire. Il n'y a pas de p\u00e9nalit\u00e9 pour le travail effectu\u00e9 par le pass\u00e9.<\/p><p><strong>Comment commencer ?<\/strong><\/p><p>Se rendre \u00e0 l'adresse suivante <a href=\"https:\/\/www.wpconsults.com\/fr\/travailler-avec-wpconsults\/\">nous contacter<\/a> et remplissez le bref formulaire de demande de renseignements. Nous examinerons vos coordonn\u00e9es et prendrons contact avec vous dans un d\u00e9lai d'un jour ouvrable afin de planifier votre visite de d\u00e9couverte.<\/p>\t\t\t\t\t\t\t\t<\/div>\n\t\t\t\t<\/div>\n\t\t\t\t\t<\/div>\n\t\t\t\t<\/div>\n\t\t\t\t<\/div>","protected":false},"excerpt":{"rendered":"<p>Foire aux questions \u00c0 qui s'adresse WpConsults ? WpConsults travaille exclusivement avec des marques de commerce \u00e9lectronique. Si vous vendez des produits en ligne et que vous souhaitez augmenter votre trafic organique, am\u00e9liorer votre visibilit\u00e9 dans les moteurs de recherche et appara\u00eetre dans les r\u00e9sultats aliment\u00e9s par l'IA, vous \u00eates la personne qu'il vous faut. Nous servons des clients principalement aux \u00c9tats-Unis, avec des campagnes actives au Canada, au Royaume-Uni et en Australie....<\/p>","protected":false},"author":1,"featured_media":3246,"parent":0,"menu_order":0,"comment_status":"closed","ping_status":"closed","template":"elementor_header_footer","meta":{"_sitemap_exclude":false,"_sitemap_priority":"","_sitemap_frequency":"","_kad_post_transparent":"","_kad_post_title":"hide","_kad_post_layout":"fullwidth","_kad_post_sidebar_id":"","_kad_post_content_style":"unboxed","_kad_post_vertical_padding":"hide","_kad_post_feature":"hide","_kad_post_feature_position":"","_kad_post_header":false,"_kad_post_footer":false,"_kad_post_classname":"","jetpack_post_was_ever_published":false,"footnotes":""},"class_list":["post-6044","page","type-page","status-publish","has-post-thumbnail","hentry"],"jetpack_sharing_enabled":true,"jetpack_likes_enabled":true,"jetpack_shortlink":"https:\/\/wp.me\/PboFy3-1zu","jetpack-related-posts":[],"_links":{"self":[{"href":"https:\/\/www.wpconsults.com\/fr\/wp-json\/wp\/v2\/pages\/6044","targetHints":{"allow":["GET"]}}],"collection":[{"href":"https:\/\/www.wpconsults.com\/fr\/wp-json\/wp\/v2\/pages"}],"about":[{"href":"https:\/\/www.wpconsults.com\/fr\/wp-json\/wp\/v2\/types\/page"}],"author":[{"embeddable":true,"href":"https:\/\/www.wpconsults.com\/fr\/wp-json\/wp\/v2\/users\/1"}],"replies":[{"embeddable":true,"href":"https:\/\/www.wpconsults.com\/fr\/wp-json\/wp\/v2\/comments?post=6044"}],"version-history":[{"count":13,"href":"https:\/\/www.wpconsults.com\/fr\/wp-json\/wp\/v2\/pages\/6044\/revisions"}],"predecessor-version":[{"id":6058,"href":"https:\/\/www.wpconsults.com\/fr\/wp-json\/wp\/v2\/pages\/6044\/revisions\/6058"}],"wp:featuredmedia":[{"embeddable":true,"href":"https:\/\/www.wpconsults.com\/fr\/wp-json\/wp\/v2\/media\/3246"}],"wp:attachment":[{"href":"https:\/\/www.wpconsults.com\/fr\/wp-json\/wp\/v2\/media?parent=6044"}],"curies":[{"name":"wp","href":"https:\/\/api.w.org\/{rel}","templated":true}]}}