{"id":6026,"date":"2026-03-31T19:13:05","date_gmt":"2026-03-31T19:13:05","guid":{"rendered":"https:\/\/www.wpconsults.com\/?page_id=6026"},"modified":"2026-03-31T19:13:07","modified_gmt":"2026-03-31T19:13:07","slug":"politique-du-lieu-de-travail","status":"publish","type":"page","link":"https:\/\/www.wpconsults.com\/fr\/politiques\/politique-du-lieu-de-travail\/","title":{"rendered":"Politique du lieu de travail"},"content":{"rendered":"<p>Derni\u00e8re mise \u00e0 jour : 01 avril 2026<\/p>\n\n\n\n<h2 class=\"wp-block-heading\"><strong>1. Objet<\/strong><\/h2>\n\n\n\n<p>Cette politique du lieu de travail d\u00e9crit les normes, les attentes et les proc\u00e9dures pour tous les membres de l'\u00e9quipe, les entrepreneurs, les ind\u00e9pendants et les partenaires qui travaillent avec WpConsults LLC. L'objectif est de maintenir un environnement de travail professionnel, respectueux, productif et s\u00fbr.<\/p>\n\n\n\n<h2 class=\"wp-block-heading\"><strong>2. Opportunit\u00e9 d'\u00e9quilibre<\/strong><\/h2>\n\n\n\n<p>WpConsults LLC s'engage \u00e0 offrir des chances \u00e9gales \u00e0 tous les employ\u00e9s et entrepreneurs, ind\u00e9pendamment de la race, de la couleur, de l'\u00e2ge, du handicap, de l'origine nationale et de l'\u00e9tat matrimonial.<\/p>\n\n\n\n<p>La discrimination, le harc\u00e8lement ou le traitement injuste, quels qu'ils soient, ne sont pas tol\u00e9r\u00e9s.<\/p>\n\n\n\n<h2 class=\"wp-block-heading\"><strong>3. Conduite professionnelle<\/strong><\/h2>\n\n\n\n<p>Tous les membres de l'\u00e9quipe doivent<\/p>\n\n\n\n<ul class=\"wp-block-list\">\n<li>Traiter les clients, les coll\u00e8gues et les partenaires avec respect.<\/li>\n\n\n\n<li>Maintenir l'honn\u00eatet\u00e9 et le professionnalisme dans toutes les communications.<\/li>\n\n\n\n<li>\u00c9vitez les propos injurieux, offensants, discriminatoires ou mena\u00e7ants.<\/li>\n\n\n\n<li>Repr\u00e9senter WpConsults LLC de mani\u00e8re positive en public et en ligne.<\/li>\n\n\n\n<li>Respecter les diff\u00e9rences culturelles et personnelles.<\/li>\n\n\n\n<li>Respecter l'ensemble des proc\u00e9dures et des d\u00e9lais de l'entreprise.<\/li>\n<\/ul>\n\n\n\n<h2 class=\"wp-block-heading\"><strong>4. Pr\u00e9sence et disponibilit\u00e9<\/strong><\/h2>\n\n\n\n<p>On attend des membres de l'\u00e9quipe qu'ils<\/p>\n\n\n\n<ul class=\"wp-block-list\">\n<li>\u00catre disponible pendant les heures de travail convenues.<\/li>\n\n\n\n<li>Assister \u00e0 temps aux r\u00e9unions pr\u00e9vues.<\/li>\n\n\n\n<li>Informer \u00e0 l'avance les superviseurs ou les chefs d'\u00e9quipe en cas d'absence, de retard ou d'indisponibilit\u00e9.<\/li>\n\n\n\n<li>Respecter les d\u00e9lais et communiquer \u00e0 l'avance si des retards sont \u00e0 pr\u00e9voir.<\/li>\n<\/ul>\n\n\n\n<p>Les travailleurs \u00e0 distance doivent maintenir une communication r\u00e9guli\u00e8re via les plateformes approuv\u00e9es de l'entreprise.<\/p>\n\n\n\n<h2 class=\"wp-block-heading\"><strong>5. Normes relatives au travail \u00e0 distance<\/strong><\/h2>\n\n\n\n<p>En tant qu'entreprise favorable \u00e0 l'emploi \u00e0 distance, WpConsults LLC attend de tous les travailleurs \u00e0 distance qu'ils respectent les r\u00e8gles suivantes :<\/p>\n\n\n\n<ul class=\"wp-block-list\">\n<li>Maintenir une connexion internet stable et un \u00e9quipement en \u00e9tat de marche.<\/li>\n\n\n\n<li>Travailler dans un environnement raisonnablement calme et professionnel.<\/li>\n\n\n\n<li>Prot\u00e9ger la confidentialit\u00e9 des clients tout en travaillant \u00e0 distance.<\/li>\n\n\n\n<li>Utilisez des mots de passe s\u00e9curis\u00e9s et activez l'authentification \u00e0 deux facteurs lorsque cela est possible.<\/li>\n\n\n\n<li>\u00c9vitez d'utiliser les r\u00e9seaux Wi-Fi publics pour les travaux sensibles de l'entreprise, \u00e0 moins d'utiliser un VPN.<\/li>\n<\/ul>\n\n\n\n<h2 class=\"wp-block-heading\"><strong>6. Politique de communication<\/strong><\/h2>\n\n\n\n<p>Les outils de communication approuv\u00e9s comprennent le courrier \u00e9lectronique, Slack, Zoom, Google Meet, WhatsApp et ClickUp ou d'autres syst\u00e8mes approuv\u00e9s par l'entreprise.<\/p>\n\n\n\n<p>Les membres de l'\u00e9quipe doivent<\/p>\n\n\n\n<ul class=\"wp-block-list\">\n<li>R\u00e9pondre aux messages importants dans un d\u00e9lai raisonnable.<\/li>\n\n\n\n<li>La communication doit \u00eatre claire, respectueuse et professionnelle.<\/li>\n\n\n\n<li>\u00c9vitez de partager des informations confidentielles de l'entreprise sur des canaux non s\u00e9curis\u00e9s.<\/li>\n\n\n\n<li>Documenter les d\u00e9cisions importantes et les mises \u00e0 jour du projet.<\/li>\n<\/ul>\n\n\n\n<h2 class=\"wp-block-heading\"><strong>7. Confidentialit\u00e9 et protection des donn\u00e9es<\/strong><\/h2>\n\n\n\n<p>Tous les employ\u00e9s, contractants et ind\u00e9pendants doivent prot\u00e9ger les informations confidentielles, notamment :<\/p>\n\n\n\n<ul class=\"wp-block-list\">\n<li>Informations sur le client<\/li>\n\n\n\n<li>Identifiants de connexion<\/li>\n\n\n\n<li>Informations financi\u00e8res<\/li>\n\n\n\n<li>Strat\u00e9gies de marketing<\/li>\n\n\n\n<li>Campagnes et rapports de r\u00e9f\u00e9rencement<\/li>\n\n\n\n<li>Processus et documents internes<\/li>\n<\/ul>\n\n\n\n<p>Les informations confidentielles sur l'entreprise ou les clients ne doivent pas \u00eatre communiqu\u00e9es sans autorisation.<\/p>\n\n\n\n<p>Les membres de l'\u00e9quipe peuvent \u00eatre amen\u00e9s \u00e0 signer un accord de non-divulgation (NDA).<\/p>\n\n\n\n<h2 class=\"wp-block-heading\"><strong>8. Utilisation des biens et des comptes de l'entreprise<\/strong><\/h2>\n\n\n\n<p>Les outils, comptes, logiciels et abonnements de l'entreprise ne doivent \u00eatre utilis\u00e9s qu'\u00e0 des fins professionnelles autoris\u00e9es.<\/p>\n\n\n\n<p>Les membres de l'\u00e9quipe ne doivent pas<\/p>\n\n\n\n<ul class=\"wp-block-list\">\n<li>Partager les mots de passe de l'entreprise sans autorisation.<\/li>\n\n\n\n<li>Utiliser les comptes de l'entreprise pour des activit\u00e9s personnelles ou ill\u00e9gales.<\/li>\n\n\n\n<li>T\u00e9l\u00e9charger des logiciels non autoris\u00e9s sur les appareils de l'entreprise.<\/li>\n\n\n\n<li>Copier, voler ou utiliser \u00e0 mauvais escient les fichiers de l'entreprise ou les actifs des clients.<\/li>\n<\/ul>\n\n\n\n<p>Lorsqu'un membre de l'\u00e9quipe quitte l'entreprise, tous les biens, dossiers et justificatifs d'acc\u00e8s de l'entreprise doivent \u00eatre restitu\u00e9s ou retir\u00e9s imm\u00e9diatement.<\/p>\n\n\n\n<h2 class=\"wp-block-heading\"><strong>9. M\u00e9dias sociaux et repr\u00e9sentation publique<\/strong><\/h2>\n\n\n\n<p>Les employ\u00e9s et les sous-traitants doivent agir de mani\u00e8re responsable lorsqu'ils discutent de WpConsults LLC en ligne.<\/p>\n\n\n\n<p>Les membres de l'\u00e9quipe ne doivent pas<\/p>\n\n\n\n<ul class=\"wp-block-list\">\n<li>Partager des informations confidentielles sur les clients.<\/li>\n\n\n\n<li>Faire de fausses d\u00e9clarations sur les services ou les r\u00e9sultats de l'entreprise.<\/li>\n\n\n\n<li>Publier du contenu offensant qui pourrait nuire \u00e0 la r\u00e9putation de l'entreprise.<\/li>\n\n\n\n<li>Pr\u00e9senter des opinions personnelles comme des d\u00e9clarations officielles de l'entreprise.<\/li>\n<\/ul>\n\n\n\n<h2 class=\"wp-block-heading\"><strong>10. Politique de lutte contre le harc\u00e8lement<\/strong><\/h2>\n\n\n\n<p>WpConsults LLC applique une politique de tol\u00e9rance z\u00e9ro \u00e0 l'\u00e9gard du harc\u00e8lement, des brimades, de l'intimidation, de la discrimination ou des repr\u00e9sailles.<\/p>\n\n\n\n<p>Il s'agit notamment de<\/p>\n\n\n\n<ul class=\"wp-block-list\">\n<li>Violence verbale<\/li>\n\n\n\n<li>Menaces<\/li>\n\n\n\n<li>Harc\u00e8lement sexuel<\/li>\n\n\n\n<li>Blagues ou commentaires offensants<\/li>\n\n\n\n<li>Contacts r\u00e9p\u00e9t\u00e9s et non d\u00e9sir\u00e9s<\/li>\n\n\n\n<li>Comportement discriminatoire<\/li>\n<\/ul>\n\n\n\n<p>Toute inqui\u00e9tude doit \u00eatre imm\u00e9diatement signal\u00e9e \u00e0 la direction.<\/p>\n\n\n\n<h2 class=\"wp-block-heading\"><strong>11. Conflit d'int\u00e9r\u00eats<\/strong><\/h2>\n\n\n\n<p>Les membres de l'\u00e9quipe doivent \u00e9viter les activit\u00e9s qui entrent en conflit avec les int\u00e9r\u00eats de WpConsults LLC.<\/p>\n\n\n\n<p>Il peut s'agir de<\/p>\n\n\n\n<ul class=\"wp-block-list\">\n<li>Travailler avec des concurrents directs sans autorisation<\/li>\n\n\n\n<li>Utilisation abusive d'informations confidentielles<\/li>\n\n\n\n<li>Utiliser le temps ou les ressources de l'entreprise pour des affaires personnelles sans rapport avec le sujet.<\/li>\n\n\n\n<li>Accepter des cadeaux ou des paiements qui influencent les d\u00e9cisions de l'entreprise<\/li>\n<\/ul>\n\n\n\n<p>Les conflits d'int\u00e9r\u00eats potentiels doivent \u00eatre port\u00e9s \u00e0 la connaissance de la direction.<\/p>\n\n\n\n<h2 class=\"wp-block-heading\"><strong>12. Attentes en mati\u00e8re de performances<\/strong><\/h2>\n\n\n\n<p>Les employ\u00e9s et les sous-traitants sont tenus de :<\/p>\n\n\n\n<ul class=\"wp-block-list\">\n<li>Effectuer le travail avec pr\u00e9cision et dans les d\u00e9lais.<\/li>\n\n\n\n<li>Maintenir des normes de qualit\u00e9 \u00e9lev\u00e9es.<\/li>\n\n\n\n<li>Respecter les exigences et les instructions du projet.<\/li>\n\n\n\n<li>Demandez des \u00e9claircissements si n\u00e9cessaire.<\/li>\n\n\n\n<li>Am\u00e9liorer en permanence leurs comp\u00e9tences et leurs connaissances.<\/li>\n<\/ul>\n\n\n\n<p>Le non-respect r\u00e9p\u00e9t\u00e9 des normes de performance peut entra\u00eener des avertissements, une suspension ou un licenciement.<\/p>\n\n\n\n<h2 class=\"wp-block-heading\"><strong>13. Sant\u00e9 et bien-\u00eatre<\/strong><\/h2>\n\n\n\n<p>WpConsults LLC encourage un \u00e9quilibre sain entre vie professionnelle et vie priv\u00e9e.<\/p>\n\n\n\n<p>Les membres de l'\u00e9quipe sont encourag\u00e9s \u00e0<\/p>\n\n\n\n<ul class=\"wp-block-list\">\n<li>Prendre des pauses raisonnables pendant le travail.<\/li>\n\n\n\n<li>\u00c9vitez l'\u00e9puisement professionnel en communiquant vos pr\u00e9occupations concernant la charge de travail.<\/li>\n\n\n\n<li>Utiliser les cong\u00e9s lorsque c'est n\u00e9cessaire.<\/li>\n\n\n\n<li>Demander de l'aide s'ils sont confront\u00e9s au stress ou \u00e0 la charge de travail.<\/li>\n<\/ul>\n\n\n\n<h2 class=\"wp-block-heading\"><strong>14. Violations de la politique<\/strong><\/h2>\n\n\n\n<p>Les violations de cette politique peuvent donner lieu \u00e0 des mesures disciplinaires, notamment<\/p>\n\n\n\n<ul class=\"wp-block-list\">\n<li>Avertissement verbal<\/li>\n\n\n\n<li>Avertissement \u00e9crit<\/li>\n\n\n\n<li>Suspension temporaire<\/li>\n\n\n\n<li>Suppression de l'acc\u00e8s aux syst\u00e8mes de l'entreprise<\/li>\n\n\n\n<li>R\u00e9siliation du contrat ou de l'emploi<\/li>\n\n\n\n<li>Action en justice dans les cas graves<\/li>\n<\/ul>\n\n\n\n<h2 class=\"wp-block-heading\"><strong>15. Mises \u00e0 jour des politiques<\/strong><\/h2>\n\n\n\n<p>WpConsults LLC se r\u00e9serve le droit de mettre \u00e0 jour ou de r\u00e9viser cette politique du lieu de travail \u00e0 tout moment.<\/p>\n\n\n\n<p>Les membres de l'\u00e9quipe seront inform\u00e9s des mises \u00e0 jour importantes si n\u00e9cessaire.<\/p>\n\n\n\n<h2 class=\"wp-block-heading\"><strong>16. Remerciements<\/strong><\/h2>\n\n\n\n<p>Tous les employ\u00e9s, sous-traitants et ind\u00e9pendants travaillant avec WpConsults LLC sont tenus de lire, de comprendre et de respecter les r\u00e8gles suivantes<\/p>","protected":false},"excerpt":{"rendered":"<p>Derni\u00e8re mise \u00e0 jour : 01 avril 2026 1. Objectif Cette politique du lieu de travail d\u00e9crit les normes, les attentes et les proc\u00e9dures pour tous les membres de l'\u00e9quipe, les entrepreneurs, les freelances et les partenaires travaillant avec WpConsults LLC. L'objectif est de maintenir un environnement de travail professionnel, respectueux, productif et s\u00e9curis\u00e9. 2. \u00c9quilibre des chances WpConsults LLC s'engage \u00e0 offrir des chances \u00e9gales \u00e0 tous les employ\u00e9s...<\/p>","protected":false},"author":1,"featured_media":3246,"parent":5879,"menu_order":120,"comment_status":"closed","ping_status":"closed","template":"","meta":{"_sitemap_exclude":false,"_sitemap_priority":"","_sitemap_frequency":"","_kad_post_transparent":"","_kad_post_title":"","_kad_post_layout":"","_kad_post_sidebar_id":"","_kad_post_content_style":"","_kad_post_vertical_padding":"","_kad_post_feature":"","_kad_post_feature_position":"","_kad_post_header":false,"_kad_post_footer":false,"_kad_post_classname":"","footnotes":""},"class_list":["post-6026","page","type-page","status-publish","has-post-thumbnail","hentry"],"jetpack_sharing_enabled":true,"jetpack_likes_enabled":true,"jetpack_shortlink":"https:\/\/wp.me\/PboFy3-1zc","jetpack-related-posts":[],"_links":{"self":[{"href":"https:\/\/www.wpconsults.com\/fr\/wp-json\/wp\/v2\/pages\/6026","targetHints":{"allow":["GET"]}}],"collection":[{"href":"https:\/\/www.wpconsults.com\/fr\/wp-json\/wp\/v2\/pages"}],"about":[{"href":"https:\/\/www.wpconsults.com\/fr\/wp-json\/wp\/v2\/types\/page"}],"author":[{"embeddable":true,"href":"https:\/\/www.wpconsults.com\/fr\/wp-json\/wp\/v2\/users\/1"}],"replies":[{"embeddable":true,"href":"https:\/\/www.wpconsults.com\/fr\/wp-json\/wp\/v2\/comments?post=6026"}],"version-history":[{"count":1,"href":"https:\/\/www.wpconsults.com\/fr\/wp-json\/wp\/v2\/pages\/6026\/revisions"}],"predecessor-version":[{"id":6028,"href":"https:\/\/www.wpconsults.com\/fr\/wp-json\/wp\/v2\/pages\/6026\/revisions\/6028"}],"up":[{"embeddable":true,"href":"https:\/\/www.wpconsults.com\/fr\/wp-json\/wp\/v2\/pages\/5879"}],"wp:featuredmedia":[{"embeddable":true,"href":"https:\/\/www.wpconsults.com\/fr\/wp-json\/wp\/v2\/media\/3246"}],"wp:attachment":[{"href":"https:\/\/www.wpconsults.com\/fr\/wp-json\/wp\/v2\/media?parent=6026"}],"curies":[{"name":"wp","href":"https:\/\/api.w.org\/{rel}","templated":true}]}}