{"id":5908,"date":"2026-03-30T21:30:42","date_gmt":"2026-03-30T21:30:42","guid":{"rendered":"https:\/\/www.wpconsults.com\/?page_id=5908"},"modified":"2026-03-30T21:30:45","modified_gmt":"2026-03-30T21:30:45","slug":"ccpa-cpra-avis-de-confidentialite","status":"publish","type":"page","link":"https:\/\/www.wpconsults.com\/fr\/politiques\/ccpa-cpra-avis-de-confidentialite\/","title":{"rendered":"Avis de confidentialit\u00e9 de la CCPA \/ CPRA"},"content":{"rendered":"<h2 class=\"wp-block-heading\"><strong>Avis de confidentialit\u00e9 en Californie (CCPA\/CPRA)<\/strong><\/h2>\n\n\n\n<p>Derni\u00e8re mise \u00e0 jour : 31 mars 2026<\/p>\n\n\n\n<p>Cette section s'applique aux r\u00e9sidents de Californie en vertu de la loi californienne sur la protection de la vie priv\u00e9e des consommateurs (California Consumer Privacy Act) et de son amendement, la loi californienne sur les droits \u00e0 la vie priv\u00e9e (California Privacy Rights Act).<\/p>\n\n\n\n<h2 class=\"wp-block-heading\">Cat\u00e9gories d'informations personnelles collect\u00e9es<\/h2>\n\n\n\n<p>Nous pouvons collecter :<\/p>\n\n\n\n<ul class=\"wp-block-list\">\n<li>Identifiants (nom, courriel, adresse IP)<\/li>\n\n\n\n<li>Activit\u00e9 sur Internet (interactions avec le site web, donn\u00e9es analytiques)<\/li>\n\n\n\n<li>Informations commerciales (services achet\u00e9s)<\/li>\n<\/ul>\n\n\n\n<h2 class=\"wp-block-heading\">Sources de donn\u00e9es<\/h2>\n\n\n\n<p>Nous collectons des donn\u00e9es aupr\u00e8s de :<\/p>\n\n\n\n<ul class=\"wp-block-list\">\n<li>Entr\u00e9e directe de l'utilisateur (formulaires, soumissions de contact)<\/li>\n\n\n\n<li>Outils d'analyse tels que Google Analytics<\/li>\n\n\n\n<li>Plateformes publicitaires (par exemple, Meta Ads, Google Ads)<\/li>\n<\/ul>\n\n\n\n<h2 class=\"wp-block-heading\">Objectif de la collecte de donn\u00e9es<\/h2>\n\n\n\n<p>Nous utilisons les donn\u00e9es personnelles pour :<\/p>\n\n\n\n<ul class=\"wp-block-list\">\n<li>Fournir et am\u00e9liorer les services<\/li>\n\n\n\n<li>G\u00e9rer les campagnes<\/li>\n\n\n\n<li>Communiquer avec les clients<\/li>\n\n\n\n<li>Analyser les performances du site web<\/li>\n<\/ul>\n\n\n\n<h2 class=\"wp-block-heading\">Partage d'informations<\/h2>\n\n\n\n<p>Nous pouvons partager des donn\u00e9es avec<\/p>\n\n\n\n<ul class=\"wp-block-list\">\n<li>Les processeurs de paiement tels que Stripe<\/li>\n\n\n\n<li>Fournisseurs de publicit\u00e9 et d'analyse<\/li>\n<\/ul>\n\n\n\n<p>Nous le faisons <strong>ne pas vendre de donn\u00e9es \u00e0 caract\u00e8re personnel<\/strong>.<\/p>\n\n\n\n<h2 class=\"wp-block-heading\">Vos droits en vertu de la CCPA\/CPRA<\/h2>\n\n\n\n<p>Les r\u00e9sidents de Californie ont le droit de :<\/p>\n\n\n\n<ul class=\"wp-block-list\">\n<li>Demande d'acc\u00e8s aux donn\u00e9es personnelles<\/li>\n\n\n\n<li>Demander la suppression de donn\u00e9es \u00e0 caract\u00e8re personnel<\/li>\n\n\n\n<li>Corriger les informations inexactes<\/li>\n\n\n\n<li>Refus du partage des donn\u00e9es (le cas \u00e9ch\u00e9ant)<\/li>\n<\/ul>\n\n\n\n<p>Vous pouvez exercer vos droits ici :<br>\ud83d\udc49 <a href=\"https:\/\/oag.ca.gov\/privacy\/ccpa\" rel=\"nofollow noopener\" target=\"_blank\">https:\/\/oag.ca.gov\/privacy\/ccpa<\/a><\/p>\n\n\n\n<h2 class=\"wp-block-heading\">Non-discrimination<\/h2>\n\n\n\n<p>Nous ne pratiquons aucune discrimination \u00e0 l'encontre des utilisateurs qui exercent leurs droits en mati\u00e8re de protection de la vie priv\u00e9e.<\/p>\n\n\n\n<h2 class=\"wp-block-heading\">Comment soumettre une demande<\/h2>\n\n\n\n<p>Pour exercer vos droits,<a href=\"https:\/\/www.wpconsults.com\/fr\/politiques\/plainte\/\" data-type=\"page\" data-id=\"5887\"> contacter ici<\/a><\/p>\n\n\n\n<p>Nous pouvons v\u00e9rifier votre identit\u00e9 avant de traiter les demandes.<\/p>\n\n\n\n<p><\/p>","protected":false},"excerpt":{"rendered":"<p>California Privacy Notice (CCPA\/CPRA) Derni\u00e8re mise \u00e0 jour : 31 mars 2026 Cette section s'applique aux r\u00e9sidents de Californie en vertu de la loi californienne sur la protection de la vie priv\u00e9e des consommateurs (California Consumer Privacy Act) et de son amendement, la loi californienne sur les droits \u00e0 la vie priv\u00e9e (California Privacy Rights Act). Cat\u00e9gories d'informations personnelles collect\u00e9es Nous pouvons collecter : Sources de donn\u00e9es Nous collectons des donn\u00e9es aupr\u00e8s de : Objectif de la collecte de donn\u00e9es Nous utilisons les donn\u00e9es personnelles pour : Partager...<\/p>","protected":false},"author":1,"featured_media":3246,"parent":5879,"menu_order":107,"comment_status":"closed","ping_status":"closed","template":"","meta":{"_sitemap_exclude":false,"_sitemap_priority":"","_sitemap_frequency":"","_kad_post_transparent":"","_kad_post_title":"","_kad_post_layout":"","_kad_post_sidebar_id":"","_kad_post_content_style":"","_kad_post_vertical_padding":"","_kad_post_feature":"","_kad_post_feature_position":"","_kad_post_header":false,"_kad_post_footer":false,"_kad_post_classname":"","footnotes":""},"class_list":["post-5908","page","type-page","status-publish","has-post-thumbnail","hentry"],"jetpack_sharing_enabled":true,"jetpack_likes_enabled":true,"jetpack_shortlink":"https:\/\/wp.me\/PboFy3-1xi","jetpack-related-posts":[],"_links":{"self":[{"href":"https:\/\/www.wpconsults.com\/fr\/wp-json\/wp\/v2\/pages\/5908","targetHints":{"allow":["GET"]}}],"collection":[{"href":"https:\/\/www.wpconsults.com\/fr\/wp-json\/wp\/v2\/pages"}],"about":[{"href":"https:\/\/www.wpconsults.com\/fr\/wp-json\/wp\/v2\/types\/page"}],"author":[{"embeddable":true,"href":"https:\/\/www.wpconsults.com\/fr\/wp-json\/wp\/v2\/users\/1"}],"replies":[{"embeddable":true,"href":"https:\/\/www.wpconsults.com\/fr\/wp-json\/wp\/v2\/comments?post=5908"}],"version-history":[{"count":1,"href":"https:\/\/www.wpconsults.com\/fr\/wp-json\/wp\/v2\/pages\/5908\/revisions"}],"predecessor-version":[{"id":5909,"href":"https:\/\/www.wpconsults.com\/fr\/wp-json\/wp\/v2\/pages\/5908\/revisions\/5909"}],"up":[{"embeddable":true,"href":"https:\/\/www.wpconsults.com\/fr\/wp-json\/wp\/v2\/pages\/5879"}],"wp:featuredmedia":[{"embeddable":true,"href":"https:\/\/www.wpconsults.com\/fr\/wp-json\/wp\/v2\/media\/3246"}],"wp:attachment":[{"href":"https:\/\/www.wpconsults.com\/fr\/wp-json\/wp\/v2\/media?parent=5908"}],"curies":[{"name":"wp","href":"https:\/\/api.w.org\/{rel}","templated":true}]}}