{"id":5902,"date":"2026-03-30T21:23:27","date_gmt":"2026-03-30T21:23:27","guid":{"rendered":"https:\/\/www.wpconsults.com\/?page_id=5902"},"modified":"2026-03-30T22:14:22","modified_gmt":"2026-03-30T22:14:22","slug":"politique-en-matiere-de-propriete-intellectuelle","status":"publish","type":"page","link":"https:\/\/www.wpconsults.com\/fr\/politiques\/politique-en-matiere-de-propriete-intellectuelle\/","title":{"rendered":"Politique en mati\u00e8re de propri\u00e9t\u00e9 intellectuelle"},"content":{"rendered":"<h1 class=\"wp-block-heading\"><strong>Politique en mati\u00e8re de propri\u00e9t\u00e9 intellectuelle<\/strong><\/h1>\n\n\n\n<p>Tous les travaux cr\u00e9\u00e9s restent notre propri\u00e9t\u00e9 jusqu'au paiement int\u00e9gral.<\/p>\n\n\n\n<p>Apr\u00e8s le paiement int\u00e9gral :<\/p>\n\n\n\n<ul class=\"wp-block-list\">\n<li>Transfert de propri\u00e9t\u00e9 au client<\/li>\n\n\n\n<li>Nous pouvons conserver les droits de pr\u00e9senter le travail dans un portfolio<\/li>\n<\/ul>\n\n\n\n<p>L'utilisation non autoris\u00e9e ou la reproduction avant paiement est interdite.<\/p>","protected":false},"excerpt":{"rendered":"<p>Politique en mati\u00e8re de propri\u00e9t\u00e9 intellectuelle Tous les travaux cr\u00e9\u00e9s restent notre propri\u00e9t\u00e9 jusqu'au paiement int\u00e9gral. Apr\u00e8s le paiement int\u00e9gral : Toute utilisation ou reproduction non autoris\u00e9e avant le paiement est interdite.<\/p>","protected":false},"author":1,"featured_media":3246,"parent":5879,"menu_order":217,"comment_status":"closed","ping_status":"closed","template":"","meta":{"_sitemap_exclude":false,"_sitemap_priority":"","_sitemap_frequency":"","_kad_post_transparent":"","_kad_post_title":"","_kad_post_layout":"","_kad_post_sidebar_id":"","_kad_post_content_style":"","_kad_post_vertical_padding":"","_kad_post_feature":"","_kad_post_feature_position":"","_kad_post_header":false,"_kad_post_footer":false,"_kad_post_classname":"","footnotes":""},"class_list":["post-5902","page","type-page","status-publish","has-post-thumbnail","hentry"],"jetpack_sharing_enabled":true,"jetpack_likes_enabled":true,"jetpack_shortlink":"https:\/\/wp.me\/PboFy3-1xc","jetpack-related-posts":[],"_links":{"self":[{"href":"https:\/\/www.wpconsults.com\/fr\/wp-json\/wp\/v2\/pages\/5902","targetHints":{"allow":["GET"]}}],"collection":[{"href":"https:\/\/www.wpconsults.com\/fr\/wp-json\/wp\/v2\/pages"}],"about":[{"href":"https:\/\/www.wpconsults.com\/fr\/wp-json\/wp\/v2\/types\/page"}],"author":[{"embeddable":true,"href":"https:\/\/www.wpconsults.com\/fr\/wp-json\/wp\/v2\/users\/1"}],"replies":[{"embeddable":true,"href":"https:\/\/www.wpconsults.com\/fr\/wp-json\/wp\/v2\/comments?post=5902"}],"version-history":[{"count":2,"href":"https:\/\/www.wpconsults.com\/fr\/wp-json\/wp\/v2\/pages\/5902\/revisions"}],"predecessor-version":[{"id":5929,"href":"https:\/\/www.wpconsults.com\/fr\/wp-json\/wp\/v2\/pages\/5902\/revisions\/5929"}],"up":[{"embeddable":true,"href":"https:\/\/www.wpconsults.com\/fr\/wp-json\/wp\/v2\/pages\/5879"}],"wp:featuredmedia":[{"embeddable":true,"href":"https:\/\/www.wpconsults.com\/fr\/wp-json\/wp\/v2\/media\/3246"}],"wp:attachment":[{"href":"https:\/\/www.wpconsults.com\/fr\/wp-json\/wp\/v2\/media?parent=5902"}],"curies":[{"name":"wp","href":"https:\/\/api.w.org\/{rel}","templated":true}]}}