{"id":5899,"date":"2026-03-30T21:22:37","date_gmt":"2026-03-30T21:22:37","guid":{"rendered":"https:\/\/www.wpconsults.com\/?page_id=5899"},"modified":"2026-03-30T21:34:42","modified_gmt":"2026-03-30T21:34:42","slug":"traitement-des-donnees-dpa","status":"publish","type":"page","link":"https:\/\/www.wpconsults.com\/fr\/politiques\/traitement-des-donnees-dpa\/","title":{"rendered":"Traitement des donn\u00e9es (DPA)"},"content":{"rendered":"<h1 class=\"wp-block-heading\"><strong>Addendum sur le traitement des donn\u00e9es (DPA)<\/strong><\/h1>\n\n\n\n<p>Nous traitons les donn\u00e9es personnelles en conformit\u00e9 avec les lois applicables, y compris le GDPR.<\/p>\n\n\n\n<h2 class=\"wp-block-heading\">R\u00f4le<\/h2>\n\n\n\n<ul class=\"wp-block-list\">\n<li>Client = contr\u00f4leur de donn\u00e9es<\/li>\n\n\n\n<li>Nous = Responsable du traitement des donn\u00e9es<\/li>\n<\/ul>\n\n\n\n<h2 class=\"wp-block-heading\">Utilisation des donn\u00e9es<\/h2>\n\n\n\n<p>Nous traitons les donn\u00e9es uniquement pour :<\/p>\n\n\n\n<ul class=\"wp-block-list\">\n<li>Fournir les services convenus<\/li>\n\n\n\n<li>Am\u00e9liorer les performances<\/li>\n<\/ul>\n\n\n\n<h2 class=\"wp-block-heading\">S\u00e9curit\u00e9<\/h2>\n\n\n\n<p>Nous mettons en \u0153uvre des mesures de s\u00e9curit\u00e9 raisonnables pour prot\u00e9ger les donn\u00e9es.<\/p>\n\n\n\n<h2 class=\"wp-block-heading\">Tiers<\/h2>\n\n\n\n<p>Nous pouvons utiliser des outils tels que :<\/p>\n\n\n\n<ul class=\"wp-block-list\">\n<li>Plateformes d'analyse<\/li>\n\n\n\n<li>R\u00e9seaux publicitaires<\/li>\n<\/ul>\n\n\n\n<p>Tous les tiers sont tenus de respecter les lois sur la protection des donn\u00e9es.<\/p>","protected":false},"excerpt":{"rendered":"<p>Addendum sur le traitement des donn\u00e9es (DPA) Nous traitons les donn\u00e9es personnelles conform\u00e9ment aux lois applicables, y compris le GDPR. R\u00f4le de l'utilisation des donn\u00e9es Nous traitons les donn\u00e9es uniquement pour : S\u00e9curit\u00e9 Nous mettons en \u0153uvre des mesures de s\u00e9curit\u00e9 raisonnables pour prot\u00e9ger les donn\u00e9es. Tiers Nous pouvons utiliser des outils tels que : Tous les tiers sont tenus de respecter les lois sur la protection des donn\u00e9es.<\/p>","protected":false},"author":1,"featured_media":3246,"parent":5879,"menu_order":215,"comment_status":"closed","ping_status":"closed","template":"","meta":{"_sitemap_exclude":false,"_sitemap_priority":"","_sitemap_frequency":"","_kad_post_transparent":"","_kad_post_title":"","_kad_post_layout":"","_kad_post_sidebar_id":"","_kad_post_content_style":"","_kad_post_vertical_padding":"","_kad_post_feature":"","_kad_post_feature_position":"","_kad_post_header":false,"_kad_post_footer":false,"_kad_post_classname":"","footnotes":""},"class_list":["post-5899","page","type-page","status-publish","has-post-thumbnail","hentry"],"jetpack_sharing_enabled":true,"jetpack_likes_enabled":true,"jetpack_shortlink":"https:\/\/wp.me\/PboFy3-1x9","jetpack-related-posts":[],"_links":{"self":[{"href":"https:\/\/www.wpconsults.com\/fr\/wp-json\/wp\/v2\/pages\/5899","targetHints":{"allow":["GET"]}}],"collection":[{"href":"https:\/\/www.wpconsults.com\/fr\/wp-json\/wp\/v2\/pages"}],"about":[{"href":"https:\/\/www.wpconsults.com\/fr\/wp-json\/wp\/v2\/types\/page"}],"author":[{"embeddable":true,"href":"https:\/\/www.wpconsults.com\/fr\/wp-json\/wp\/v2\/users\/1"}],"replies":[{"embeddable":true,"href":"https:\/\/www.wpconsults.com\/fr\/wp-json\/wp\/v2\/comments?post=5899"}],"version-history":[{"count":2,"href":"https:\/\/www.wpconsults.com\/fr\/wp-json\/wp\/v2\/pages\/5899\/revisions"}],"predecessor-version":[{"id":5912,"href":"https:\/\/www.wpconsults.com\/fr\/wp-json\/wp\/v2\/pages\/5899\/revisions\/5912"}],"up":[{"embeddable":true,"href":"https:\/\/www.wpconsults.com\/fr\/wp-json\/wp\/v2\/pages\/5879"}],"wp:featuredmedia":[{"embeddable":true,"href":"https:\/\/www.wpconsults.com\/fr\/wp-json\/wp\/v2\/media\/3246"}],"wp:attachment":[{"href":"https:\/\/www.wpconsults.com\/fr\/wp-json\/wp\/v2\/media?parent=5899"}],"curies":[{"name":"wp","href":"https:\/\/api.w.org\/{rel}","templated":true}]}}