{"id":5896,"date":"2026-03-30T21:21:35","date_gmt":"2026-03-30T21:21:35","guid":{"rendered":"https:\/\/www.wpconsults.com\/?page_id=5896"},"modified":"2026-03-30T22:13:01","modified_gmt":"2026-03-30T22:13:01","slug":"politique-editoriale","status":"publish","type":"page","link":"https:\/\/www.wpconsults.com\/fr\/politiques\/politique-editoriale\/","title":{"rendered":"Politique \u00e9ditoriale"},"content":{"rendered":"<h1 class=\"wp-block-heading\"><strong>Politique \u00e9ditoriale<\/strong><\/h1>\n\n\n\n<p>Pour tous les contenus publi\u00e9s li\u00e9s au SEO, AI, GEO, \u00e0 la publicit\u00e9 et aux tutoriels sur les plateformes CMS telles que WordPress et Shopify :<\/p>\n\n\n\n<ul class=\"wp-block-list\">\n<li>Les informations sont bas\u00e9es sur des sources fiables et faisant autorit\u00e9.<\/li>\n\n\n\n<li>Le contenu est rigoureusement contr\u00f4l\u00e9 pour en v\u00e9rifier l'exactitude et la pertinence.<\/li>\n\n\n\n<li>Les mises \u00e0 jour et les corrections sont effectu\u00e9es rapidement lorsque cela s'av\u00e8re n\u00e9cessaire pour maintenir l'exactitude des donn\u00e9es.<\/li>\n\n\n\n<li>Des distinctions sont clairement \u00e9tablies entre les opinions et les informations factuelles.<\/li>\n<\/ul>\n\n\n\n<p>Notre objectif est de fournir un contenu utile, informatif et fiable qui aide notre public \u00e0 naviguer dans les complexit\u00e9s du SEO, de l'AI, du GEO, des strat\u00e9gies publicitaires et des plateformes CMS.<\/p>","protected":false},"excerpt":{"rendered":"<p>Politique \u00e9ditoriale Pour tous les contenus publi\u00e9s relatifs au r\u00e9f\u00e9rencement, \u00e0 l'intelligence artificielle, \u00e0 la g\u00e9olocalisation, \u00e0 la publicit\u00e9 et aux tutoriels sur les plates-formes CMS telles que WordPress et Shopify : Notre objectif est de fournir un contenu utile, informatif et fiable qui aide notre public \u00e0 naviguer dans les complexit\u00e9s du SEO, de l'IA, de la GEO, des strat\u00e9gies publicitaires et des plateformes CMS.<\/p>","protected":false},"author":1,"featured_media":3246,"parent":5879,"menu_order":112,"comment_status":"closed","ping_status":"closed","template":"","meta":{"_sitemap_exclude":false,"_sitemap_priority":"","_sitemap_frequency":"","_kad_post_transparent":"","_kad_post_title":"","_kad_post_layout":"","_kad_post_sidebar_id":"","_kad_post_content_style":"","_kad_post_vertical_padding":"","_kad_post_feature":"","_kad_post_feature_position":"","_kad_post_header":false,"_kad_post_footer":false,"_kad_post_classname":"","footnotes":""},"class_list":["post-5896","page","type-page","status-publish","has-post-thumbnail","hentry"],"jetpack_sharing_enabled":true,"jetpack_likes_enabled":true,"jetpack_shortlink":"https:\/\/wp.me\/PboFy3-1x6","jetpack-related-posts":[],"_links":{"self":[{"href":"https:\/\/www.wpconsults.com\/fr\/wp-json\/wp\/v2\/pages\/5896","targetHints":{"allow":["GET"]}}],"collection":[{"href":"https:\/\/www.wpconsults.com\/fr\/wp-json\/wp\/v2\/pages"}],"about":[{"href":"https:\/\/www.wpconsults.com\/fr\/wp-json\/wp\/v2\/types\/page"}],"author":[{"embeddable":true,"href":"https:\/\/www.wpconsults.com\/fr\/wp-json\/wp\/v2\/users\/1"}],"replies":[{"embeddable":true,"href":"https:\/\/www.wpconsults.com\/fr\/wp-json\/wp\/v2\/comments?post=5896"}],"version-history":[{"count":3,"href":"https:\/\/www.wpconsults.com\/fr\/wp-json\/wp\/v2\/pages\/5896\/revisions"}],"predecessor-version":[{"id":5927,"href":"https:\/\/www.wpconsults.com\/fr\/wp-json\/wp\/v2\/pages\/5896\/revisions\/5927"}],"up":[{"embeddable":true,"href":"https:\/\/www.wpconsults.com\/fr\/wp-json\/wp\/v2\/pages\/5879"}],"wp:featuredmedia":[{"embeddable":true,"href":"https:\/\/www.wpconsults.com\/fr\/wp-json\/wp\/v2\/media\/3246"}],"wp:attachment":[{"href":"https:\/\/www.wpconsults.com\/fr\/wp-json\/wp\/v2\/media?parent=5896"}],"curies":[{"name":"wp","href":"https:\/\/api.w.org\/{rel}","templated":true}]}}