{"id":5892,"date":"2026-03-30T21:18:30","date_gmt":"2026-03-30T21:18:30","guid":{"rendered":"https:\/\/www.wpconsults.com\/?page_id=5892"},"modified":"2026-03-30T21:18:33","modified_gmt":"2026-03-30T21:18:33","slug":"code-de-deontologie","status":"publish","type":"page","link":"https:\/\/www.wpconsults.com\/fr\/politiques\/code-de-deontologie\/","title":{"rendered":"Code de d\u00e9ontologie"},"content":{"rendered":"<h1 class=\"wp-block-heading\"><strong>Code de d\u00e9ontologie<\/strong><\/h1>\n\n\n\n<p>Nous nous engageons \u00e0 :<\/p>\n\n\n\n<ul class=\"wp-block-list\">\n<li>Une communication honn\u00eate et transparente<\/li>\n\n\n\n<li>Pratiques \u00e9thiques en mati\u00e8re de r\u00e9f\u00e9rencement (pas de m\u00e9thodes clandestines)<\/li>\n\n\n\n<li>Respect de la confidentialit\u00e9 des clients<\/li>\n\n\n\n<li>Fournir des services avec professionnalisme et int\u00e9grit\u00e9<\/li>\n<\/ul>\n\n\n\n<p>Nous ne nous livrons pas \u00e0 des pratiques commerciales trompeuses ou manipulatrices.<\/p>","protected":false},"excerpt":{"rendered":"<p>Code de d\u00e9ontologie Nous nous engageons \u00e0 : Nous ne nous livrons pas \u00e0 des pratiques commerciales trompeuses ou manipulatrices.<\/p>","protected":false},"author":1,"featured_media":3246,"parent":5879,"menu_order":108,"comment_status":"closed","ping_status":"closed","template":"","meta":{"_sitemap_exclude":false,"_sitemap_priority":"","_sitemap_frequency":"","_kad_post_transparent":"","_kad_post_title":"","_kad_post_layout":"","_kad_post_sidebar_id":"","_kad_post_content_style":"","_kad_post_vertical_padding":"","_kad_post_feature":"","_kad_post_feature_position":"","_kad_post_header":false,"_kad_post_footer":false,"_kad_post_classname":"","footnotes":""},"class_list":["post-5892","page","type-page","status-publish","has-post-thumbnail","hentry"],"jetpack_sharing_enabled":true,"jetpack_likes_enabled":true,"jetpack_shortlink":"https:\/\/wp.me\/PboFy3-1x2","jetpack-related-posts":[],"_links":{"self":[{"href":"https:\/\/www.wpconsults.com\/fr\/wp-json\/wp\/v2\/pages\/5892","targetHints":{"allow":["GET"]}}],"collection":[{"href":"https:\/\/www.wpconsults.com\/fr\/wp-json\/wp\/v2\/pages"}],"about":[{"href":"https:\/\/www.wpconsults.com\/fr\/wp-json\/wp\/v2\/types\/page"}],"author":[{"embeddable":true,"href":"https:\/\/www.wpconsults.com\/fr\/wp-json\/wp\/v2\/users\/1"}],"replies":[{"embeddable":true,"href":"https:\/\/www.wpconsults.com\/fr\/wp-json\/wp\/v2\/comments?post=5892"}],"version-history":[{"count":1,"href":"https:\/\/www.wpconsults.com\/fr\/wp-json\/wp\/v2\/pages\/5892\/revisions"}],"predecessor-version":[{"id":5895,"href":"https:\/\/www.wpconsults.com\/fr\/wp-json\/wp\/v2\/pages\/5892\/revisions\/5895"}],"up":[{"embeddable":true,"href":"https:\/\/www.wpconsults.com\/fr\/wp-json\/wp\/v2\/pages\/5879"}],"wp:featuredmedia":[{"embeddable":true,"href":"https:\/\/www.wpconsults.com\/fr\/wp-json\/wp\/v2\/media\/3246"}],"wp:attachment":[{"href":"https:\/\/www.wpconsults.com\/fr\/wp-json\/wp\/v2\/media?parent=5892"}],"curies":[{"name":"wp","href":"https:\/\/api.w.org\/{rel}","templated":true}]}}