{"id":5887,"date":"2026-03-30T21:13:23","date_gmt":"2026-03-30T21:13:23","guid":{"rendered":"https:\/\/www.wpconsults.com\/?page_id=5887"},"modified":"2026-03-30T21:17:15","modified_gmt":"2026-03-30T21:17:15","slug":"plainte","status":"publish","type":"page","link":"https:\/\/www.wpconsults.com\/fr\/politiques\/plainte\/","title":{"rendered":"Politique en mati\u00e8re de plaintes"},"content":{"rendered":"<h1 class=\"wp-block-heading\"><strong>Politique en mati\u00e8re de plaintes<\/strong><\/h1>\n\n\n\n<p>Derni\u00e8re mise \u00e0 jour : 31 mars 2026<\/p>\n\n\n\n<p>Nous nous effor\u00e7ons de fournir des services de haute qualit\u00e9. Si vous n'\u00eates pas satisfait, vous pouvez d\u00e9poser une plainte.<\/p>\n\n\n\n<h2 class=\"wp-block-heading\">Comment soumettre une demande<\/h2>\n\n\n<div class=\"wp-block-jetpack-contact-form is-vertical is-content-justification-left is-nowrap is-layout-flex wp-container-jetpack-contact-form-is-layout-b13c9bd3 wp-block-jetpack-contact-form-is-layout-flex\"><a href=\"https:\/\/www.wpconsults.com\/fr\/politiques\/plainte\/\" target=\"_blank\" rel=\"noopener noreferrer\">Soumettre un formulaire.<\/a><\/div>\n\n\n<h2 class=\"wp-block-heading\">Processus<\/h2>\n\n\n\n<ul class=\"wp-block-list\">\n<li>Accus\u00e9 de r\u00e9ception dans les 2 jours ouvrables<\/li>\n\n\n\n<li>Enqu\u00eate dans les 7 jours ouvrables<\/li>\n\n\n\n<li>R\u00e9solution dans les 14 jours ouvrables<\/li>\n<\/ul>\n\n\n\n<p>Nous nous effor\u00e7ons de r\u00e9soudre toutes les plaintes de mani\u00e8re \u00e9quitable et rapide.<\/p>","protected":false},"excerpt":{"rendered":"<p>Politique en mati\u00e8re de plaintes Derni\u00e8re mise \u00e0 jour : 31 mars 2026 Nous nous effor\u00e7ons de fournir des services de haute qualit\u00e9. Si vous n'\u00eates pas satisfait, vous pouvez d\u00e9poser une plainte. Comment soumettre une plainte Nous nous effor\u00e7ons de r\u00e9soudre toutes les plaintes de mani\u00e8re \u00e9quitable et rapide.<\/p>","protected":false},"author":1,"featured_media":3246,"parent":5879,"menu_order":213,"comment_status":"closed","ping_status":"closed","template":"","meta":{"_sitemap_exclude":false,"_sitemap_priority":"","_sitemap_frequency":"","_kad_post_transparent":"","_kad_post_title":"","_kad_post_layout":"","_kad_post_sidebar_id":"","_kad_post_content_style":"","_kad_post_vertical_padding":"","_kad_post_feature":"","_kad_post_feature_position":"","_kad_post_header":false,"_kad_post_footer":false,"_kad_post_classname":"","footnotes":""},"class_list":["post-5887","page","type-page","status-publish","has-post-thumbnail","hentry"],"jetpack_sharing_enabled":true,"jetpack_likes_enabled":true,"jetpack_shortlink":"https:\/\/wp.me\/PboFy3-1wX","jetpack-related-posts":[],"_links":{"self":[{"href":"https:\/\/www.wpconsults.com\/fr\/wp-json\/wp\/v2\/pages\/5887","targetHints":{"allow":["GET"]}}],"collection":[{"href":"https:\/\/www.wpconsults.com\/fr\/wp-json\/wp\/v2\/pages"}],"about":[{"href":"https:\/\/www.wpconsults.com\/fr\/wp-json\/wp\/v2\/types\/page"}],"author":[{"embeddable":true,"href":"https:\/\/www.wpconsults.com\/fr\/wp-json\/wp\/v2\/users\/1"}],"replies":[{"embeddable":true,"href":"https:\/\/www.wpconsults.com\/fr\/wp-json\/wp\/v2\/comments?post=5887"}],"version-history":[{"count":2,"href":"https:\/\/www.wpconsults.com\/fr\/wp-json\/wp\/v2\/pages\/5887\/revisions"}],"predecessor-version":[{"id":5894,"href":"https:\/\/www.wpconsults.com\/fr\/wp-json\/wp\/v2\/pages\/5887\/revisions\/5894"}],"up":[{"embeddable":true,"href":"https:\/\/www.wpconsults.com\/fr\/wp-json\/wp\/v2\/pages\/5879"}],"wp:featuredmedia":[{"embeddable":true,"href":"https:\/\/www.wpconsults.com\/fr\/wp-json\/wp\/v2\/media\/3246"}],"wp:attachment":[{"href":"https:\/\/www.wpconsults.com\/fr\/wp-json\/wp\/v2\/media?parent=5887"}],"curies":[{"name":"wp","href":"https:\/\/api.w.org\/{rel}","templated":true}]}}