{"id":5885,"date":"2026-03-30T21:09:09","date_gmt":"2026-03-30T21:09:09","guid":{"rendered":"https:\/\/www.wpconsults.com\/?page_id=5885"},"modified":"2026-03-30T21:13:46","modified_gmt":"2026-03-30T21:13:46","slug":"declaration-daccessibilite","status":"publish","type":"page","link":"https:\/\/www.wpconsults.com\/fr\/politiques\/declaration-daccessibilite\/","title":{"rendered":"D\u00e9claration d'accessibilit\u00e9"},"content":{"rendered":"<h1 class=\"wp-block-heading\">D\u00e9claration d'accessibilit\u00e9<\/h1>\n\n\n\n<p>Derni\u00e8re mise \u00e0 jour : 31 mars 2026<\/p>\n\n\n\n<p>Nous nous engageons \u00e0 rendre notre site web accessible \u00e0 tous les utilisateurs.<\/p>\n\n\n\n<p>Nous visons \u00e0 suivre les meilleures pratiques align\u00e9es sur :<\/p>\n\n\n\n<ul class=\"wp-block-list\">\n<li>Lignes directrices pour l'accessibilit\u00e9 des contenus web (WCAG)<\/li>\n<\/ul>\n\n\n\n<p>Si vous rencontrez des probl\u00e8mes d'accessibilit\u00e9, veuillez nous contacter <a href=\"\/fr\/plainte\/\">ici<\/a>.<\/p>\n\n\n\n<p>Nous ferons des efforts raisonnables pour r\u00e9pondre rapidement \u00e0 vos pr\u00e9occupations.<\/p>","protected":false},"excerpt":{"rendered":"<p>D\u00e9claration d'accessibilit\u00e9 Derni\u00e8re mise \u00e0 jour : 31 mars 2026 Nous nous engageons \u00e0 rendre notre site web accessible \u00e0 tous les utilisateurs. Nous nous effor\u00e7ons de suivre les meilleures pratiques align\u00e9es sur les principes d'accessibilit\u00e9 de l'Union europ\u00e9enne : Si vous rencontrez des probl\u00e8mes d'accessibilit\u00e9, veuillez nous contacter ici. Nous ferons des efforts raisonnables pour r\u00e9pondre rapidement \u00e0 vos pr\u00e9occupations.<\/p>","protected":false},"author":1,"featured_media":3246,"parent":5879,"menu_order":210,"comment_status":"closed","ping_status":"closed","template":"","meta":{"_sitemap_exclude":false,"_sitemap_priority":"","_sitemap_frequency":"","_kad_post_transparent":"","_kad_post_title":"","_kad_post_layout":"","_kad_post_sidebar_id":"","_kad_post_content_style":"","_kad_post_vertical_padding":"","_kad_post_feature":"","_kad_post_feature_position":"","_kad_post_header":false,"_kad_post_footer":false,"_kad_post_classname":"","footnotes":""},"class_list":["post-5885","page","type-page","status-publish","has-post-thumbnail","hentry"],"jetpack_sharing_enabled":true,"jetpack_likes_enabled":true,"jetpack_shortlink":"https:\/\/wp.me\/PboFy3-1wV","jetpack-related-posts":[],"_links":{"self":[{"href":"https:\/\/www.wpconsults.com\/fr\/wp-json\/wp\/v2\/pages\/5885","targetHints":{"allow":["GET"]}}],"collection":[{"href":"https:\/\/www.wpconsults.com\/fr\/wp-json\/wp\/v2\/pages"}],"about":[{"href":"https:\/\/www.wpconsults.com\/fr\/wp-json\/wp\/v2\/types\/page"}],"author":[{"embeddable":true,"href":"https:\/\/www.wpconsults.com\/fr\/wp-json\/wp\/v2\/users\/1"}],"replies":[{"embeddable":true,"href":"https:\/\/www.wpconsults.com\/fr\/wp-json\/wp\/v2\/comments?post=5885"}],"version-history":[{"count":2,"href":"https:\/\/www.wpconsults.com\/fr\/wp-json\/wp\/v2\/pages\/5885\/revisions"}],"predecessor-version":[{"id":5890,"href":"https:\/\/www.wpconsults.com\/fr\/wp-json\/wp\/v2\/pages\/5885\/revisions\/5890"}],"up":[{"embeddable":true,"href":"https:\/\/www.wpconsults.com\/fr\/wp-json\/wp\/v2\/pages\/5879"}],"wp:featuredmedia":[{"embeddable":true,"href":"https:\/\/www.wpconsults.com\/fr\/wp-json\/wp\/v2\/media\/3246"}],"wp:attachment":[{"href":"https:\/\/www.wpconsults.com\/fr\/wp-json\/wp\/v2\/media?parent=5885"}],"curies":[{"name":"wp","href":"https:\/\/api.w.org\/{rel}","templated":true}]}}