{"id":5881,"date":"2026-03-30T21:05:33","date_gmt":"2026-03-30T21:05:33","guid":{"rendered":"https:\/\/www.wpconsults.com\/?page_id=5881"},"modified":"2026-03-30T21:05:35","modified_gmt":"2026-03-30T21:05:35","slug":"politique-de-remboursement","status":"publish","type":"page","link":"https:\/\/www.wpconsults.com\/fr\/politiques\/politique-de-remboursement\/","title":{"rendered":"Politique de remboursement"},"content":{"rendered":"<h1 class=\"wp-block-heading\"><strong>Politique de remboursement<\/strong><\/h1>\n\n\n\n<p>Derni\u00e8re mise \u00e0 jour : 31 mars 2026<\/p>\n\n\n\n<h2 class=\"wp-block-heading\">Politique g\u00e9n\u00e9rale<\/h2>\n\n\n\n<p>En raison de la nature des services num\u00e9riques, les remboursements sont limit\u00e9s.<\/p>\n\n\n\n<h2 class=\"wp-block-heading\">Non remboursable<\/h2>\n\n\n\n<ul class=\"wp-block-list\">\n<li>Travaux termin\u00e9s<\/li>\n\n\n\n<li>Campagnes continues apr\u00e8s le lancement<\/li>\n\n\n\n<li>Strat\u00e9gie, audits et services de conseil<\/li>\n<\/ul>\n\n\n\n<h2 class=\"wp-block-heading\">Remboursements conditionnels<\/h2>\n\n\n\n<p>Un remboursement peut \u00eatre envisag\u00e9 dans les cas suivants<\/p>\n\n\n\n<ul class=\"wp-block-list\">\n<li>Les travaux n'ont pas encore commenc\u00e9<\/li>\n\n\n\n<li>Une demande \u00e9crite est pr\u00e9sent\u00e9e dans les 48 heures suivant le paiement.<\/li>\n<\/ul>\n\n\n\n<h2 class=\"wp-block-heading\">Services de campagne<\/h2>\n\n\n\n<p>Pour les campagnes de 4 mois :<\/p>\n\n\n\n<ul class=\"wp-block-list\">\n<li>Les paiements ne sont g\u00e9n\u00e9ralement pas remboursables une fois que l'ex\u00e9cution a commenc\u00e9.<\/li>\n\n\n\n<li>La r\u00e9siliation anticip\u00e9e ne garantit pas de remboursement<\/li>\n<\/ul>\n\n\n\n<h2 class=\"wp-block-heading\">Diff\u00e9rends en mati\u00e8re de paiement<\/h2>\n\n\n\n<p>Les clients acceptent de nous contacter avant d'initier une r\u00e9trofacturation.<\/p>","protected":false},"excerpt":{"rendered":"<p>Politique de remboursement Derni\u00e8re mise \u00e0 jour : 31 mars 2026 Politique g\u00e9n\u00e9rale En raison de la nature des services num\u00e9riques, les remboursements sont limit\u00e9s. Remboursements conditionnels non remboursables Des remboursements peuvent \u00eatre envisag\u00e9s dans les cas suivants : Services de campagne Pour les campagnes de 4 mois : Litiges de paiement Les clients s'engagent \u00e0 nous contacter avant d'initier des r\u00e9trofacturations.<\/p>","protected":false},"author":1,"featured_media":3246,"parent":5879,"menu_order":220,"comment_status":"closed","ping_status":"closed","template":"","meta":{"_sitemap_exclude":false,"_sitemap_priority":"","_sitemap_frequency":"","_kad_post_transparent":"","_kad_post_title":"","_kad_post_layout":"","_kad_post_sidebar_id":"","_kad_post_content_style":"","_kad_post_vertical_padding":"","_kad_post_feature":"","_kad_post_feature_position":"","_kad_post_header":false,"_kad_post_footer":false,"_kad_post_classname":"","footnotes":""},"class_list":["post-5881","page","type-page","status-publish","has-post-thumbnail","hentry"],"jetpack_sharing_enabled":true,"jetpack_likes_enabled":true,"jetpack_shortlink":"https:\/\/wp.me\/PboFy3-1wR","jetpack-related-posts":[],"_links":{"self":[{"href":"https:\/\/www.wpconsults.com\/fr\/wp-json\/wp\/v2\/pages\/5881","targetHints":{"allow":["GET"]}}],"collection":[{"href":"https:\/\/www.wpconsults.com\/fr\/wp-json\/wp\/v2\/pages"}],"about":[{"href":"https:\/\/www.wpconsults.com\/fr\/wp-json\/wp\/v2\/types\/page"}],"author":[{"embeddable":true,"href":"https:\/\/www.wpconsults.com\/fr\/wp-json\/wp\/v2\/users\/1"}],"replies":[{"embeddable":true,"href":"https:\/\/www.wpconsults.com\/fr\/wp-json\/wp\/v2\/comments?post=5881"}],"version-history":[{"count":1,"href":"https:\/\/www.wpconsults.com\/fr\/wp-json\/wp\/v2\/pages\/5881\/revisions"}],"predecessor-version":[{"id":5882,"href":"https:\/\/www.wpconsults.com\/fr\/wp-json\/wp\/v2\/pages\/5881\/revisions\/5882"}],"up":[{"embeddable":true,"href":"https:\/\/www.wpconsults.com\/fr\/wp-json\/wp\/v2\/pages\/5879"}],"wp:featuredmedia":[{"embeddable":true,"href":"https:\/\/www.wpconsults.com\/fr\/wp-json\/wp\/v2\/media\/3246"}],"wp:attachment":[{"href":"https:\/\/www.wpconsults.com\/fr\/wp-json\/wp\/v2\/media?parent=5881"}],"curies":[{"name":"wp","href":"https:\/\/api.w.org\/{rel}","templated":true}]}}