{"id":5872,"date":"2026-03-30T21:00:55","date_gmt":"2026-03-30T21:00:55","guid":{"rendered":"https:\/\/www.wpconsults.com\/?page_id=5872"},"modified":"2026-03-30T21:25:22","modified_gmt":"2026-03-30T21:25:22","slug":"politique-en-matiere-de-cookies","status":"publish","type":"page","link":"https:\/\/www.wpconsults.com\/fr\/politiques\/politique-en-matiere-de-cookies\/","title":{"rendered":"Politique en mati\u00e8re de cookies"},"content":{"rendered":"<h1 class=\"wp-block-heading\"><strong>Politique en mati\u00e8re de cookies<\/strong><\/h1>\n\n\n\n<p>Derni\u00e8re mise \u00e0 jour : 31 mars 2026<\/p>\n\n\n\n<p>La pr\u00e9sente politique en mati\u00e8re de cookies explique comment nous utilisons des cookies et des technologies similaires lorsque vous visitez notre site web.<\/p>\n\n\n\n<h2 class=\"wp-block-heading\">Qu'est-ce qu'un cookie ?<\/h2>\n\n\n\n<p>Les cookies sont de petits fichiers texte stock\u00e9s sur votre appareil lorsque vous visitez un site web. Ils permettent d'am\u00e9liorer les fonctionnalit\u00e9s, d'analyser le trafic et de personnaliser l'exp\u00e9rience de l'utilisateur.<\/p>\n\n\n\n<h2 class=\"wp-block-heading\">Comment nous utilisons les cookies<\/h2>\n\n\n\n<p>Nous utilisons des cookies aux fins suivantes :<\/p>\n\n\n\n<ul class=\"wp-block-list\">\n<li><strong>Biscuits essentiels<\/strong>: N\u00e9cessaire \u00e0 la fonctionnalit\u00e9 du site web<\/li>\n\n\n\n<li><strong>Cookies analytiques<\/strong>: Pour comprendre le comportement de l'utilisateur (par exemple, Google Analytics)<\/li>\n\n\n\n<li><strong>Cookies de marketing<\/strong>: Pour suivre les performances de la campagne (par exemple, Meta Pixel, Google Ads)<\/li>\n<\/ul>\n\n\n\n<h2 class=\"wp-block-heading\">Cookies de tiers<\/h2>\n\n\n\n<p>Nous pouvons utiliser des services de tiers, notamment<\/p>\n\n\n\n<ul class=\"wp-block-list\">\n<li>Google Analytics<\/li>\n\n\n\n<li>Annonces Meta (Facebook)<\/li>\n\n\n\n<li>Autres plateformes publicitaires<\/li>\n<\/ul>\n\n\n\n<p>Ces fournisseurs peuvent collecter des donn\u00e9es conform\u00e9ment \u00e0 leurs propres politiques de confidentialit\u00e9.<\/p>\n\n\n\n<h2 class=\"wp-block-heading\">Gestion des cookies<\/h2>\n\n\n\n<p>Vous pouvez contr\u00f4ler ou d\u00e9sactiver les cookies par le biais des param\u00e8tres de votre navigateur. Veuillez noter que la d\u00e9sactivation des cookies peut affecter la fonctionnalit\u00e9 du site.<\/p>\n\n\n\n<h2 class=\"wp-block-heading\">Consentement<\/h2>\n\n\n\n<p>En continuant \u00e0 utiliser notre site web, vous acceptez l'utilisation de cookies telle que d\u00e9crite dans cette politique.<\/p>","protected":false},"excerpt":{"rendered":"<p>Politique en mati\u00e8re de cookies Derni\u00e8re mise \u00e0 jour : 31 mars 2026 La pr\u00e9sente politique en mati\u00e8re de cookies explique comment nous utilisons les cookies et autres technologies similaires lorsque vous visitez notre site web. Que sont les cookies Les cookies sont de petits fichiers texte stock\u00e9s sur votre appareil lorsque vous visitez un site web. Ils permettent d'am\u00e9liorer les fonctionnalit\u00e9s, d'analyser le trafic et de personnaliser l'exp\u00e9rience de l'utilisateur. Comment nous utilisons les cookies Nous...<\/p>","protected":false},"author":1,"featured_media":3246,"parent":5879,"menu_order":214,"comment_status":"closed","ping_status":"closed","template":"","meta":{"_sitemap_exclude":false,"_sitemap_priority":"","_sitemap_frequency":"","_kad_post_transparent":"","_kad_post_title":"","_kad_post_layout":"","_kad_post_sidebar_id":"","_kad_post_content_style":"","_kad_post_vertical_padding":"","_kad_post_feature":"","_kad_post_feature_position":"","_kad_post_header":false,"_kad_post_footer":false,"_kad_post_classname":"","footnotes":""},"class_list":["post-5872","page","type-page","status-publish","has-post-thumbnail","hentry"],"jetpack_sharing_enabled":true,"jetpack_likes_enabled":true,"jetpack_shortlink":"https:\/\/wp.me\/PboFy3-1wI","jetpack-related-posts":[],"_links":{"self":[{"href":"https:\/\/www.wpconsults.com\/fr\/wp-json\/wp\/v2\/pages\/5872","targetHints":{"allow":["GET"]}}],"collection":[{"href":"https:\/\/www.wpconsults.com\/fr\/wp-json\/wp\/v2\/pages"}],"about":[{"href":"https:\/\/www.wpconsults.com\/fr\/wp-json\/wp\/v2\/types\/page"}],"author":[{"embeddable":true,"href":"https:\/\/www.wpconsults.com\/fr\/wp-json\/wp\/v2\/users\/1"}],"replies":[{"embeddable":true,"href":"https:\/\/www.wpconsults.com\/fr\/wp-json\/wp\/v2\/comments?post=5872"}],"version-history":[{"count":2,"href":"https:\/\/www.wpconsults.com\/fr\/wp-json\/wp\/v2\/pages\/5872\/revisions"}],"predecessor-version":[{"id":5904,"href":"https:\/\/www.wpconsults.com\/fr\/wp-json\/wp\/v2\/pages\/5872\/revisions\/5904"}],"up":[{"embeddable":true,"href":"https:\/\/www.wpconsults.com\/fr\/wp-json\/wp\/v2\/pages\/5879"}],"wp:featuredmedia":[{"embeddable":true,"href":"https:\/\/www.wpconsults.com\/fr\/wp-json\/wp\/v2\/media\/3246"}],"wp:attachment":[{"href":"https:\/\/www.wpconsults.com\/fr\/wp-json\/wp\/v2\/media?parent=5872"}],"curies":[{"name":"wp","href":"https:\/\/api.w.org\/{rel}","templated":true}]}}