{"id":3,"date":"2023-10-06T01:35:16","date_gmt":"2023-10-06T01:35:16","guid":{"rendered":"https:\/\/wpconsults.com\/?page_id=3"},"modified":"2026-03-30T22:15:35","modified_gmt":"2026-03-30T22:15:35","slug":"politique-de-confidentialite-2","status":"publish","type":"page","link":"https:\/\/www.wpconsults.com\/fr\/politiques\/politique-de-confidentialite-2\/","title":{"rendered":"Politique de confidentialit\u00e9"},"content":{"rendered":"<h2 class=\"wp-block-heading\">Qui sommes-nous ?<\/h2>\n\n\n\n<p>WpConsults LLC exploite ce site web.<\/p>\n\n\n\n<p>Cette page vous informe de nos politiques concernant la collecte, l'utilisation et la divulgation de donn\u00e9es personnelles lorsque vous utilisez notre service, ainsi que des choix que vous avez associ\u00e9s \u00e0 ces donn\u00e9es. <br>Nous utilisons vos donn\u00e9es pour fournir et am\u00e9liorer le service. En utilisant le service, vous acceptez la collecte et l'utilisation des informations conform\u00e9ment \u00e0 la pr\u00e9sente politique. <\/p>\n\n\n\n<h2 class=\"wp-block-heading\">Collecte et utilisation des informations<\/h2>\n\n\n\n<p>Nous recueillons plusieurs types d'informations \u00e0 des fins diverses afin de vous fournir et d'am\u00e9liorer notre service.<\/p>\n\n\n\n<h2 class=\"wp-block-heading\">Types de donn\u00e9es collect\u00e9es<\/h2>\n\n\n\n<h3 class=\"wp-block-heading\">Donn\u00e9es personnelles<\/h3>\n\n\n\n<p>Lors de l'utilisation de notre service, nous pouvons vous demander de nous fournir certaines informations personnellement identifiables qui peuvent \u00eatre utilis\u00e9es pour vous contacter ou vous identifier (\"donn\u00e9es personnelles\"). Les donn\u00e9es personnelles identifiables peuvent inclure, sans s'y limiter, les \u00e9l\u00e9ments suivants :<\/p>\n\n\n\n<ul class=\"wp-block-list\">\n<li>Adresse \u00e9lectronique<\/li>\n\n\n\n<li>Pr\u00e9nom et nom de famille<\/li>\n\n\n\n<li>Num\u00e9ro de t\u00e9l\u00e9phone<\/li>\n\n\n\n<li>Cookies et donn\u00e9es d'utilisation<\/li>\n<\/ul>\n\n\n\n<h3 class=\"wp-block-heading\">Donn\u00e9es d'utilisation<\/h3>\n\n\n\n<p>Nous pouvons \u00e9galement recueillir des informations sur l'acc\u00e8s au service et son utilisation (\"donn\u00e9es d'utilisation\"). Ces donn\u00e9es d'utilisation peuvent inclure des informations telles que l'adresse IP de votre ordinateur, le type et la version de votre navigateur, les pages de notre service que vous visitez, l'heure et la date de votre visite, le temps pass\u00e9 sur ces pages, les identifiants uniques de votre appareil et d'autres donn\u00e9es de diagnostic.<\/p>\n\n\n\n<h3 class=\"wp-block-heading\">Donn\u00e9es sur le suivi et les cookies<\/h3>\n\n\n\n<p>Nous utilisons des cookies et des technologies de suivi similaires pour suivre l'activit\u00e9 sur notre service et conserver certaines informations.<br>Les cookies sont des fichiers contenant une petite quantit\u00e9 de donn\u00e9es qui peuvent inclure un identifiant unique anonyme. Les cookies sont envoy\u00e9s \u00e0 votre navigateur par un site web et stock\u00e9s sur votre appareil. Les technologies de suivi \u00e9galement utilis\u00e9es sont les balises, les tags et les scripts pour collecter et suivre les informations et pour am\u00e9liorer et analyser notre service.<br>Vous pouvez configurer votre navigateur pour qu'il refuse tous les cookies ou pour qu'il vous indique quand un cookie est envoy\u00e9. Toutefois, si vous n'acceptez pas les cookies, il se peut que vous ne puissiez pas utiliser certaines parties de notre service.<br><\/p>\n\n\n\n<p>Cookies que nous utilisons :<\/p>\n\n\n\n<ul class=\"wp-block-list\">\n<li><strong>Cookies de session<\/strong>. Nous utilisons des cookies de session pour faire fonctionner notre service.<\/li>\n\n\n\n<li><strong>Cookies de pr\u00e9f\u00e9rence<\/strong>. Nous utilisons des cookies de pr\u00e9f\u00e9rence pour m\u00e9moriser vos pr\u00e9f\u00e9rences et divers param\u00e8tres.<\/li>\n\n\n\n<li><strong>Cookies de s\u00e9curit\u00e9<\/strong>. Nous utilisons des cookies de s\u00e9curit\u00e9 \u00e0 des fins de s\u00e9curit\u00e9.<\/li>\n<\/ul>\n\n\n\n<p><em>Nous travaillons en partenariat avec Microsoft Clarity et Microsoft Advertising pour d\u00e9terminer comment vous utilisez et interagissez avec notre site web par le biais de mesures comportementales, de cartes thermiques et de reprises de session afin d'am\u00e9liorer et de commercialiser nos produits\/services. Les donn\u00e9es relatives \u00e0 l'utilisation du site web sont saisies \u00e0 l'aide de cookies de premi\u00e8re et de tierce parties et d'autres technologies de suivi afin de d\u00e9terminer la popularit\u00e9 des produits\/services et de l'activit\u00e9 en ligne. En outre, nous utilisons ces informations \u00e0 des fins d'optimisation du site, de lutte contre la fraude, de s\u00e9curit\u00e9 et de publicit\u00e9. Pour plus d'informations sur la mani\u00e8re dont Microsoft recueille et utilise vos donn\u00e9es, consultez le site Web de Microsoft.&nbsp;<a href=\"https:\/\/privacy.microsoft.com\/privacystatement\" target=\"_blank\" rel=\"noreferrer noopener nofollow\">D\u00e9claration de confidentialit\u00e9 de Microsoft<\/a>.<\/em><\/p>\n\n\n\n<p><em>Nous travaillons en partenariat avec Google Analytics pour d\u00e9terminer comment vous utilisez et interagissez avec notre site web gr\u00e2ce \u00e0 des mesures comportementales, des cartes thermiques et la relecture de sessions afin d'am\u00e9liorer et de commercialiser nos produits\/services. Les donn\u00e9es relatives \u00e0 l'utilisation du site web sont saisies \u00e0 l'aide de cookies de premi\u00e8re et de tierce parties et d'autres technologies de suivi afin de d\u00e9terminer la popularit\u00e9 des produits\/services et de l'activit\u00e9 en ligne. En outre, nous utilisons ces informations \u00e0 des fins d'optimisation du site, de lutte contre la fraude, de s\u00e9curit\u00e9 et de publicit\u00e9. Pour plus d'informations sur la mani\u00e8re dont Google recueille et utilise vos donn\u00e9es, consultez le site Web de Google.&nbsp;<a href=\"https:\/\/policies.google.com\/privacy\" target=\"_blank\" rel=\"noreferrer noopener nofollow sponsored\">D\u00e9claration de confidentialit\u00e9 de Google<\/a>.<\/em><\/p>\n\n\n\n<h2 class=\"wp-block-heading\">S\u00e9curit\u00e9 des donn\u00e9es<\/h2>\n\n\n\n<p>La s\u00e9curit\u00e9 de vos donn\u00e9es est importante pour nous, mais n'oubliez pas qu'aucune m\u00e9thode de transmission sur Internet ou de stockage \u00e9lectronique n'est s\u00fbre. Bien que nous nous efforcions d'utiliser des moyens commercialement acceptables pour prot\u00e9ger vos donn\u00e9es personnelles, nous ne pouvons pas garantir leur s\u00e9curit\u00e9 absolue.<\/p>\n\n\n\n<h2 class=\"wp-block-heading\">Modifications de la pr\u00e9sente politique de confidentialit\u00e9<\/h2>\n\n\n\n<p>Nous pouvons mettre \u00e0 jour notre politique de confidentialit\u00e9 de temps \u00e0 autre. Nous vous informerons de toute modification en publiant la nouvelle politique de confidentialit\u00e9 sur cette page.<\/p>\n\n\n\n<h2 class=\"wp-block-heading\">Nous contacter<\/h2>\n\n\n\n<p>Si vous avez des questions sur cette politique de confidentialit\u00e9, veuillez nous contacter <a href=\"https:\/\/www.wpconsults.com\/fr\/politiques\/plainte\/\" data-type=\"page\" data-id=\"5887\">ici.<\/a><br><\/p>","protected":false},"excerpt":{"rendered":"<p>Qui nous sommes WpConsults LLC exploite ce site web. Cette page vous informe de nos politiques concernant la collecte, l'utilisation et la divulgation des donn\u00e9es personnelles lorsque vous utilisez notre service et les choix que vous avez associ\u00e9s \u00e0 ces donn\u00e9es. Nous utilisons vos donn\u00e9es pour fournir et am\u00e9liorer le service. En utilisant le service, vous acceptez...<\/p>","protected":false},"author":1,"featured_media":3246,"parent":5879,"menu_order":219,"comment_status":"closed","ping_status":"closed","template":"","meta":{"_sitemap_exclude":false,"_sitemap_priority":"","_sitemap_frequency":"","_kad_post_transparent":"","_kad_post_title":"","_kad_post_layout":"default","_kad_post_sidebar_id":"","_kad_post_content_style":"unboxed","_kad_post_vertical_padding":"hide","_kad_post_feature":"","_kad_post_feature_position":"","_kad_post_header":false,"_kad_post_footer":false,"_kad_post_classname":"","jetpack_post_was_ever_published":false,"footnotes":""},"class_list":["post-3","page","type-page","status-publish","has-post-thumbnail","hentry"],"jetpack_sharing_enabled":true,"jetpack_likes_enabled":true,"jetpack_shortlink":"https:\/\/wp.me\/PboFy3-3","jetpack-related-posts":[],"_links":{"self":[{"href":"https:\/\/www.wpconsults.com\/fr\/wp-json\/wp\/v2\/pages\/3","targetHints":{"allow":["GET"]}}],"collection":[{"href":"https:\/\/www.wpconsults.com\/fr\/wp-json\/wp\/v2\/pages"}],"about":[{"href":"https:\/\/www.wpconsults.com\/fr\/wp-json\/wp\/v2\/types\/page"}],"author":[{"embeddable":true,"href":"https:\/\/www.wpconsults.com\/fr\/wp-json\/wp\/v2\/users\/1"}],"replies":[{"embeddable":true,"href":"https:\/\/www.wpconsults.com\/fr\/wp-json\/wp\/v2\/comments?post=3"}],"version-history":[{"count":3,"href":"https:\/\/www.wpconsults.com\/fr\/wp-json\/wp\/v2\/pages\/3\/revisions"}],"predecessor-version":[{"id":5931,"href":"https:\/\/www.wpconsults.com\/fr\/wp-json\/wp\/v2\/pages\/3\/revisions\/5931"}],"up":[{"embeddable":true,"href":"https:\/\/www.wpconsults.com\/fr\/wp-json\/wp\/v2\/pages\/5879"}],"wp:featuredmedia":[{"embeddable":true,"href":"https:\/\/www.wpconsults.com\/fr\/wp-json\/wp\/v2\/media\/3246"}],"wp:attachment":[{"href":"https:\/\/www.wpconsults.com\/fr\/wp-json\/wp\/v2\/media?parent=3"}],"curies":[{"name":"wp","href":"https:\/\/api.w.org\/{rel}","templated":true}]}}