{"id":1546,"date":"2023-11-06T03:33:46","date_gmt":"2023-11-06T03:33:46","guid":{"rendered":"https:\/\/wpconsults.com\/?page_id=1546"},"modified":"2026-03-30T21:38:53","modified_gmt":"2026-03-30T21:38:53","slug":"divulgation-du-site","status":"publish","type":"page","link":"https:\/\/www.wpconsults.com\/fr\/politiques\/divulgation-du-site\/","title":{"rendered":"Divulgation du site"},"content":{"rendered":"<p>Divulgation du site - WpConsults Agence de d\u00e9veloppement Web<\/p>\n\n\n\n<p>Chez WpConsults, nous privil\u00e9gions la transparence et l'ouverture lorsqu'il s'agit des donn\u00e9es que nous collectons et de la mani\u00e8re dont nous les utilisons. Nous voulons nous assurer que nos utilisateurs sont pleinement conscients des pratiques que nous suivons. Veuillez prendre le temps de lire les informations suivantes concernant la divulgation de notre site :<\/p>\n\n\n\n<h2 class=\"wp-block-heading\">Liens d'affiliation :<\/h2>\n\n\n\n<p>WpConsults peut utiliser des liens d'affiliation sur son site Web. Cela signifie que si vous cliquez sur un lien et que vous effectuez un achat par l'interm\u00e9diaire de ce lien, nous pouvons recevoir une commission sans frais suppl\u00e9mentaires pour vous. Ces liens d'affiliation contribuent \u00e0 soutenir notre activit\u00e9 et nous permettent de continuer \u00e0 fournir un contenu et des services de qualit\u00e9.<\/p>\n\n\n\n<h2 class=\"wp-block-heading\">Collecte de donn\u00e9es et analyse :<\/h2>\n\n\n\n<p>Nous utilisons \u00e0 la fois Microsoft Clarity et Google Analytics pour collecter et analyser les donn\u00e9es des utilisateurs. Ces outils nous aident \u00e0 mieux comprendre le comportement des utilisateurs, les performances du site web et l'exp\u00e9rience globale de l'utilisateur. Les informations que nous recueillons comprennent, sans s'y limiter, les \u00e9l\u00e9ments suivants :<\/p>\n\n\n\n<ul class=\"wp-block-list\">\n<li>Informations sur l'appareil et le navigateur<\/li>\n\n\n\n<li>Adresses IP<\/li>\n\n\n\n<li>Pages visit\u00e9es<\/li>\n\n\n\n<li>Clics et interactions<\/li>\n\n\n\n<li>Sites web de r\u00e9f\u00e9rence<\/li>\n\n\n\n<li>Informations d\u00e9mographiques (le cas \u00e9ch\u00e9ant)<\/li>\n<\/ul>\n\n\n\n<h2 class=\"wp-block-heading\">Utilisation des donn\u00e9es :<\/h2>\n\n\n\n<p>Les donn\u00e9es que nous recueillons sont utilis\u00e9es \u00e0 diverses fins, notamment mais pas exclusivement :<\/p>\n\n\n\n<ul class=\"wp-block-list\">\n<li>Am\u00e9liorer notre site web : En analysant le comportement et l'interaction des utilisateurs, nous pouvons am\u00e9liorer la fonctionnalit\u00e9 et l'exp\u00e9rience utilisateur de notre site web.<\/li>\n\n\n\n<li>Comprendre les pr\u00e9f\u00e9rences des utilisateurs : Les informations que nous recueillons nous aident \u00e0 adapter notre contenu et nos services afin de mieux r\u00e9pondre aux besoins et aux pr\u00e9f\u00e9rences de nos utilisateurs.<\/li>\n\n\n\n<li>Marketing et sensibilisation : Nous pouvons utiliser les donn\u00e9es collect\u00e9es pour communiquer avec les utilisateurs par le biais de bulletins d'information, de mises \u00e0 jour et de mat\u00e9riel promotionnel.<\/li>\n\n\n\n<li>Recherche et analyse internes : Nous analysons les donn\u00e9es pour mieux comprendre les tendances et les mod\u00e8les des utilisateurs, ce qui nous permet d'am\u00e9liorer nos services et nos offres.<\/li>\n<\/ul>\n\n\n\n<p>Vous trouverez plus de d\u00e9tails sur nos pratiques en mati\u00e8re de collecte, de stockage et d'utilisation des donn\u00e9es dans notre d\u00e9claration de confidentialit\u00e9, qui peut \u00eatre consult\u00e9e \u00e0 l'adresse suivante <a href=\"https:\/\/www.wpconsults.com\/fr\/politique-de-confidentialite-2\/\" rel=\"nofollow noopener\" target=\"_blank\">https:\/\/wpconsults.com\/privacy-policy\/<\/a><\/p>\n\n\n\n<h2 class=\"wp-block-heading\">Consentement de l'utilisateur :<\/h2>\n\n\n\n<p>En utilisant ce site, vous reconnaissez et acceptez la collecte et l'utilisation de vos donn\u00e9es par WpConsults, Microsoft Clarity et Google Analytics, comme indiqu\u00e9 dans la pr\u00e9sente d\u00e9claration. Nous vous encourageons \u00e0 consulter notre <a href=\"https:\/\/www.wpconsults.com\/fr\/politique-de-confidentialite-2\/\" rel=\"nofollow noopener\" target=\"_blank\">D\u00e9claration de confidentialit\u00e9<\/a> pour une compr\u00e9hension compl\u00e8te de nos pratiques en mati\u00e8re de donn\u00e9es.<\/p>\n\n\n\n<p>Si vous avez des pr\u00e9occupations ou des questions concernant la divulgation de notre site ou nos pratiques de collecte de donn\u00e9es, n'h\u00e9sitez pas \u00e0 nous contacter. Nous accordons une grande importance \u00e0 votre vie priv\u00e9e et nous nous effor\u00e7ons de vous offrir une exp\u00e9rience de navigation s\u00fbre et fiable.<\/p>\n\n\n\n<p>Merci d'avoir choisi WpConsults comme agence de d\u00e9veloppement web. Nous appr\u00e9cions la confiance que vous nous accordez.<\/p>","protected":false},"excerpt":{"rendered":"<p>Divulgation du site - WpConsults Agence de d\u00e9veloppement Web Chez WpConsults, nous privil\u00e9gions la transparence et l'ouverture en ce qui concerne les donn\u00e9es que nous recueillons et la mani\u00e8re dont nous les utilisons. Nous voulons nous assurer que nos utilisateurs sont pleinement conscients des pratiques que nous suivons. Veuillez prendre le temps de lire les informations suivantes concernant la divulgation de notre site :...<\/p>","protected":false},"author":1,"featured_media":3246,"parent":5879,"menu_order":222,"comment_status":"closed","ping_status":"closed","template":"","meta":{"_sitemap_exclude":false,"_sitemap_priority":"","_sitemap_frequency":"","_kad_post_transparent":"","_kad_post_title":"","_kad_post_layout":"","_kad_post_sidebar_id":"","_kad_post_content_style":"","_kad_post_vertical_padding":"","_kad_post_feature":"","_kad_post_feature_position":"","_kad_post_header":false,"_kad_post_footer":false,"_kad_post_classname":"","jetpack_post_was_ever_published":false,"footnotes":""},"class_list":["post-1546","page","type-page","status-publish","has-post-thumbnail","hentry"],"jetpack_sharing_enabled":true,"jetpack_likes_enabled":true,"jetpack_shortlink":"https:\/\/wp.me\/PboFy3-oW","jetpack-related-posts":[],"_links":{"self":[{"href":"https:\/\/www.wpconsults.com\/fr\/wp-json\/wp\/v2\/pages\/1546","targetHints":{"allow":["GET"]}}],"collection":[{"href":"https:\/\/www.wpconsults.com\/fr\/wp-json\/wp\/v2\/pages"}],"about":[{"href":"https:\/\/www.wpconsults.com\/fr\/wp-json\/wp\/v2\/types\/page"}],"author":[{"embeddable":true,"href":"https:\/\/www.wpconsults.com\/fr\/wp-json\/wp\/v2\/users\/1"}],"replies":[{"embeddable":true,"href":"https:\/\/www.wpconsults.com\/fr\/wp-json\/wp\/v2\/comments?post=1546"}],"version-history":[{"count":1,"href":"https:\/\/www.wpconsults.com\/fr\/wp-json\/wp\/v2\/pages\/1546\/revisions"}],"predecessor-version":[{"id":5914,"href":"https:\/\/www.wpconsults.com\/fr\/wp-json\/wp\/v2\/pages\/1546\/revisions\/5914"}],"up":[{"embeddable":true,"href":"https:\/\/www.wpconsults.com\/fr\/wp-json\/wp\/v2\/pages\/5879"}],"wp:featuredmedia":[{"embeddable":true,"href":"https:\/\/www.wpconsults.com\/fr\/wp-json\/wp\/v2\/media\/3246"}],"wp:attachment":[{"href":"https:\/\/www.wpconsults.com\/fr\/wp-json\/wp\/v2\/media?parent=1546"}],"curies":[{"name":"wp","href":"https:\/\/api.w.org\/{rel}","templated":true}]}}