{"id":1083,"date":"2023-10-08T16:30:50","date_gmt":"2023-10-08T16:30:50","guid":{"rendered":"https:\/\/wpconsults.com\/?page_id=1083"},"modified":"2026-03-29T14:01:14","modified_gmt":"2026-03-29T14:01:14","slug":"planifier-une-reunion","status":"publish","type":"page","link":"https:\/\/www.wpconsults.com\/fr\/planifier-une-reunion\/","title":{"rendered":"Planifier une r\u00e9union"},"content":{"rendered":"<style>.kadence-column1083_9649d2-57 > .kt-inside-inner-col{display:flex;}.kadence-column1083_9649d2-57 > .kt-inside-inner-col{padding-top:var(--global-kb-spacing-md, 2rem);padding-bottom:var(--global-kb-spacing-xxl, 5rem);}.kadence-column1083_9649d2-57 > .kt-inside-inner-col,.kadence-column1083_9649d2-57 > .kt-inside-inner-col:before{border-top-left-radius:0px;border-top-right-radius:0px;border-bottom-right-radius:0px;border-bottom-left-radius:0px;}.kadence-column1083_9649d2-57 > .kt-inside-inner-col{row-gap:3px;column-gap:var(--global-kb-gap-sm, 1rem);}.kadence-column1083_9649d2-57 > .kt-inside-inner-col{flex-direction:column;justify-content:center;}.kadence-column1083_9649d2-57 > .kt-inside-inner-col > .aligncenter{width:100%;}.kt-row-column-wrap > .kadence-column1083_9649d2-57{align-self:center;}.kt-inner-column-height-full:not(.kt-has-1-columns) > .wp-block-kadence-column.kadence-column1083_9649d2-57{align-self:auto;}.kt-inner-column-height-full:not(.kt-has-1-columns) > .wp-block-kadence-column.kadence-column1083_9649d2-57 > .kt-inside-inner-col{flex-direction:column;justify-content:center;}.kadence-column1083_9649d2-57 > .kt-inside-inner-col{background-color:#111111;}.kadence-column1083_9649d2-57 > .kt-inside-inner-col:before{opacity:0.3;}.kadence-column1083_9649d2-57{position:relative;}@media all and (max-width: 1024px){.kadence-column1083_9649d2-57 > .kt-inside-inner-col{padding-right:var(--global-kb-spacing-sm, 1.5rem);padding-left:var(--global-kb-spacing-sm, 1.5rem);flex-direction:column;justify-content:center;}}@media all and (max-width: 1024px){.kt-row-column-wrap > .kadence-column1083_9649d2-57{align-self:center;}}@media all and (max-width: 1024px){.kt-inner-column-height-full:not(.kt-has-1-columns) > .wp-block-kadence-column.kadence-column1083_9649d2-57{align-self:auto;}}@media all and (max-width: 1024px){.kt-inner-column-height-full:not(.kt-has-1-columns) > .wp-block-kadence-column.kadence-column1083_9649d2-57 > .kt-inside-inner-col{flex-direction:column;justify-content:center;}}@media all and (max-width: 767px){.kadence-column1083_9649d2-57 > .kt-inside-inner-col{padding-right:var(--global-kb-spacing-xs, 1rem);padding-left:var(--global-kb-spacing-xs, 1rem);flex-direction:column;justify-content:center;}.kt-row-column-wrap > .kadence-column1083_9649d2-57{align-self:center;}.kt-inner-column-height-full:not(.kt-has-1-columns) > .wp-block-kadence-column.kadence-column1083_9649d2-57{align-self:auto;}.kt-inner-column-height-full:not(.kt-has-1-columns) > .wp-block-kadence-column.kadence-column1083_9649d2-57 > .kt-inside-inner-col{flex-direction:column;justify-content:center;}}<\/style>\n<div class=\"wp-block-kadence-column kadence-column1083_9649d2-57 alignfull kb-section-dir-vertical\"><div class=\"kt-inside-inner-col\"><style>.wp-block-kadence-advancedheading.kt-adv-heading1083_9ed097-d8, .wp-block-kadence-advancedheading.kt-adv-heading1083_9ed097-d8[data-kb-block=\"kb-adv-heading1083_9ed097-d8\"]{text-align:center;font-weight:800;font-style:normal;}.wp-block-kadence-advancedheading.kt-adv-heading1083_9ed097-d8 mark.kt-highlight, .wp-block-kadence-advancedheading.kt-adv-heading1083_9ed097-d8[data-kb-block=\"kb-adv-heading1083_9ed097-d8\"] mark.kt-highlight{font-style:normal;color:#f76a0c;-webkit-box-decoration-break:clone;box-decoration-break:clone;padding-top:0px;padding-right:0px;padding-bottom:0px;padding-left:0px;}.wp-block-kadence-advancedheading.kt-adv-heading1083_9ed097-d8 img.kb-inline-image, .wp-block-kadence-advancedheading.kt-adv-heading1083_9ed097-d8[data-kb-block=\"kb-adv-heading1083_9ed097-d8\"] img.kb-inline-image{width:150px;vertical-align:baseline;}@media all and (max-width: 767px){.wp-block-kadence-advancedheading.kt-adv-heading1083_9ed097-d8, .wp-block-kadence-advancedheading.kt-adv-heading1083_9ed097-d8[data-kb-block=\"kb-adv-heading1083_9ed097-d8\"]{font-size:33px;}}<\/style>\n<h1 class=\"kt-adv-heading1083_9ed097-d8 wp-block-kadence-advancedheading\" data-kb-block=\"kb-adv-heading1083_9ed097-d8\">Schedule a Meeting<\/h1>\n\n\n\n<p class=\"has-text-align-center\" style=\"font-size:16px\">Talk to Abdullah directly &#8211; no junior managers. Book a free 20-minute call to discuss your <br>eCommerce store&#8217;s SEO, GEO visibility, and growth potential.<\/p>\n\n\n\n<!-- Cal inline embed code begins -->\n<div style=\"width:100%;height:100%;overflow:scroll\" id=\"my-cal-inline\"><\/div>\n<script type=\"text\/javascript\">\n  (function (C, A, L) { let p = function (a, ar) { a.q.push(ar); }; let d = C.document; C.Cal = C.Cal || function () { let cal = C.Cal; let ar = arguments; if (!cal.loaded) { cal.ns = {}; cal.q = cal.q || []; d.head.appendChild(d.createElement(\"script\")).src = A; cal.loaded = true; } if (ar[0] === L) { const api = function () { p(api, arguments); }; const namespace = ar[1]; api.q = api.q || []; typeof namespace === \"string\" ? (cal.ns[namespace] = api) && p(api, ar) : p(cal, ar); return; } p(cal, ar); }; })(window, \"https:\/\/app.cal.com\/embed\/embed.js\", \"init\");\nCal(\"init\", {origin:\"https:\/\/cal.com\"});\n\n  Cal(\"inline\", {\n\telementOrSelector:\"#my-cal-inline\",\n\tcalLink: \"wpconsults\/30min\",\n\tlayout: \"month_view\"\n  });\n  \n  Cal(\"ui\", {\"theme\":\"dark\",\"styles\":{\"branding\":{\"brandColor\":\"#1f848e\"}},\"hideEventTypeDetails\":false,\"layout\":\"month_view\"});\n  <\/script>\n  <!-- Cal inline embed code ends -->\n\n\n\n<p class=\"has-text-align-center has-theme-palette-1-color has-text-color has-link-color has-small-font-size wp-elements-6d7bc052f7a80792e0c83144f03d8f92\" style=\"padding-top:var(--wp--preset--spacing--40);padding-bottom:0\"><a href=\"https:\/\/wpconsults.com\/\" rel=\"nofollow noopener\" target=\"_blank\">Home<\/a><\/p>\n<\/div><\/div>\n\n\n\n<p><\/p>\n","protected":false},"excerpt":{"rendered":"<p>Planifier une r\u00e9union Parlez \u00e0 Abdullah directement - pas de responsables juniors. R\u00e9servez un appel gratuit de 20 minutes pour discuter du r\u00e9f\u00e9rencement de votre boutique en ligne, de sa visibilit\u00e9 dans les zones g\u00e9ographiques et de son potentiel de croissance. Accueil<\/p>","protected":false},"author":1,"featured_media":3246,"parent":0,"menu_order":6,"comment_status":"closed","ping_status":"closed","template":"","meta":{"_sitemap_exclude":false,"_sitemap_priority":"","_sitemap_frequency":"","_kad_post_transparent":"","_kad_post_title":"hide","_kad_post_layout":"fullwidth","_kad_post_sidebar_id":"","_kad_post_content_style":"unboxed","_kad_post_vertical_padding":"hide","_kad_post_feature":"","_kad_post_feature_position":"","_kad_post_header":true,"_kad_post_footer":true,"_kad_post_classname":"","jetpack_post_was_ever_published":false,"footnotes":""},"class_list":["post-1083","page","type-page","status-publish","has-post-thumbnail","hentry"],"jetpack_sharing_enabled":true,"jetpack_likes_enabled":true,"jetpack_shortlink":"https:\/\/wp.me\/PboFy3-ht","jetpack-related-posts":[],"_links":{"self":[{"href":"https:\/\/www.wpconsults.com\/fr\/wp-json\/wp\/v2\/pages\/1083","targetHints":{"allow":["GET"]}}],"collection":[{"href":"https:\/\/www.wpconsults.com\/fr\/wp-json\/wp\/v2\/pages"}],"about":[{"href":"https:\/\/www.wpconsults.com\/fr\/wp-json\/wp\/v2\/types\/page"}],"author":[{"embeddable":true,"href":"https:\/\/www.wpconsults.com\/fr\/wp-json\/wp\/v2\/users\/1"}],"replies":[{"embeddable":true,"href":"https:\/\/www.wpconsults.com\/fr\/wp-json\/wp\/v2\/comments?post=1083"}],"version-history":[{"count":8,"href":"https:\/\/www.wpconsults.com\/fr\/wp-json\/wp\/v2\/pages\/1083\/revisions"}],"predecessor-version":[{"id":5784,"href":"https:\/\/www.wpconsults.com\/fr\/wp-json\/wp\/v2\/pages\/1083\/revisions\/5784"}],"wp:featuredmedia":[{"embeddable":true,"href":"https:\/\/www.wpconsults.com\/fr\/wp-json\/wp\/v2\/media\/3246"}],"wp:attachment":[{"href":"https:\/\/www.wpconsults.com\/fr\/wp-json\/wp\/v2\/media?parent=1083"}],"curies":[{"name":"wp","href":"https:\/\/api.w.org\/{rel}","templated":true}]}}