{"id":6044,"date":"2026-04-04T21:16:32","date_gmt":"2026-04-04T21:16:32","guid":{"rendered":"https:\/\/www.wpconsults.com\/?page_id=6044"},"modified":"2026-04-04T21:33:03","modified_gmt":"2026-04-04T21:33:03","slug":"faqs","status":"publish","type":"page","link":"https:\/\/www.wpconsults.com\/de\/faqs\/","title":{"rendered":"FAQs"},"content":{"rendered":"<div data-elementor-type=\"wp-page\" data-elementor-id=\"6044\" class=\"elementor elementor-6044\" data-elementor-post-type=\"page\">\n\t\t\t\t<div class=\"elementor-element elementor-element-01b2f6d e-flex e-con-boxed e-con e-parent\" data-id=\"01b2f6d\" data-element_type=\"container\" data-e-type=\"container\">\n\t\t\t\t\t<div class=\"e-con-inner\">\n\t\t\t\t\t\t\t<h1 \n\t\tdata-interaction-id=\"dd25661\" \n\t\tclass=\"e-heading-base\" \n\t\t \n\t\tdata-e-type=\"widget\" data-id=\"dd25661\"\n\t>\n\t\n\t\t\tH\u00e4ufig gestellte Fragen\n\t\t<\/h1>\n\t\t\t\t<div class=\"elementor-element elementor-element-3ce9bc2 elementor-widget elementor-widget-text-editor\" data-id=\"3ce9bc2\" data-element_type=\"widget\" data-e-type=\"widget\" data-widget_type=\"text-editor.default\">\n\t\t\t\t<div class=\"elementor-widget-container\">\n\t\t\t\t\t\t\t\t\t<p><strong>F\u00fcr wen ist WpConsults gedacht?<\/strong><\/p><p>WpConsults arbeitet ausschlie\u00dflich mit eCommerce-Marken zusammen. Wenn Sie Produkte online verkaufen und den organischen Traffic erh\u00f6hen, die Sichtbarkeit in der Suche verbessern und in den KI-gest\u00fctzten Ergebnissen auftauchen m\u00f6chten, sind Sie bei uns richtig. Wir betreuen haupts\u00e4chlich Kunden in den USA, haben aber auch Kampagnen in Kanada, Gro\u00dfbritannien und Australien laufen.<\/p><p><strong>Wie nehmen wir neue Kunden auf?<\/strong><\/p><p>Jeder Auftrag beginnt mit einem Gespr\u00e4ch, nicht mit einem Verkaufsgespr\u00e4ch. Sie f\u00fcllen unser Anfrageformular aus <a href=\"https:\/\/www.wpconsults.com\/de\/arbeit-mit-wpconsults\/\">mit uns arbeiten<\/a> Seite, geben Sie uns einen kurzen \u00dcberblick \u00fcber Ihr Gesch\u00e4ft und Ihre Ziele, und wir vereinbaren einen Gespr\u00e4chstermin, um Ihre aktuelle Situation zu verstehen. Danach stellen wir einen auf Ihr Gesch\u00e4ft zugeschnittenen Kampagnenplan zusammen, bevor wir uns auf etwas festlegen. Wir nehmen nur Kunden an, bei denen wir sicher sind, dass wir Ergebnisse liefern k\u00f6nnen.<\/p><p><strong>Wie sind die Preise strukturiert?<\/strong><\/p><p>Unsere Arbeit wird pro Kampagne abgerechnet, nicht als fortlaufender monatlicher Vorschuss. Eine Kampagne erstreckt sich \u00fcber einen Zeitraum von vier Monaten, so dass wir gen\u00fcgend Zeit haben, die Strategie umzusetzen, eine Dynamik aufzubauen und messbare Ergebnisse zu erzielen. Sie wissen vom ersten Tag an genau, worauf Sie sich einlassen, da es keine unbefristeten Vertr\u00e4ge gibt. Siehe unser <span style=\"text-decoration: underline;\"><a href=\"https:\/\/www.wpconsults.com\/de\/preisgestaltung\/\">Preisgestaltung<\/a> <\/span>Struktur.<\/p><p><strong>Was beinhaltet eine Kampagne eigentlich?<\/strong><\/p><p>Je nach Zielsetzung und Paket kann eine Kampagne eCommerce-SEO (On-Page, technisch, Inhalt) beinhalten, <a href=\"https:\/\/www.wpconsults.com\/de\/dienstleistungen\/geo-fur-e-commerce\/\">Generative Suchmaschinenoptimierung (GEO)<\/a>, Antwort-Engine-Optimierung (AEO), Aufbau von Markenbekanntheit und Performance-Werbekampagnen. Wir umfassen <a href=\"https:\/\/www.wpconsults.com\/de\/dienstleistungen\/\">jede SEO-Kampagne<\/a> die sich an den tats\u00e4chlichen Bed\u00fcrfnissen Ihres Gesch\u00e4fts orientieren und nicht an einer festen Vorlage.\u00a0<\/p><p><strong>Wie lange dauert es, bis wir Ergebnisse sehen?<\/strong><\/p><p>SEO ist ein aufbauender Kanal, keine Umstellung \u00fcber Nacht. Die meisten Kunden sehen bereits innerhalb des ersten Kampagnenzeitraums (vier Monate) eine deutliche Verbesserung der organischen Rankings und des Traffics. Bei Gesch\u00e4ften mit einem st\u00e4rkeren Fundament sind die Ergebnisse in der Regel schneller sichtbar. Wir setzen ehrliche Erwartungen w\u00e4hrend des Onboardings, damit Sie immer wissen, wo Sie stehen.<\/p><p><strong>Arbeiten Sie mit Marken au\u00dferhalb der USA zusammen?<\/strong><\/p><p>Ja. Unser Hauptmarkt sind zwar die USA, aber wir f\u00fchren auch Kampagnen f\u00fcr eCommerce-Marken in Kanada, Gro\u00dfbritannien und Australien durch. Wenn Ihr Gesch\u00e4ft anderswo angesiedelt ist, sprechen Sie uns an und wir besprechen die Eignung in unserem Gespr\u00e4ch.<\/p><p><strong>Was unterscheidet WpConsults von einer allgemeinen SEO-Agentur?<\/strong><\/p><p>Wir konzentrieren uns ganz auf den eCommerce. Das bedeutet, dass unsere Prozesse, Frameworks und Kampagnenstrukturen auf die besonderen Herausforderungen produktbasierter Shops ausgerichtet sind: Katalog-SEO, Kategorieseitenoptimierung, Produktschema, GEO-Sichtbarkeit und umsatzorientiertes Reporting.<\/p><p><strong>K\u00f6nnen Sie uns helfen, wenn wir bereits mit einer anderen SEO-Agentur gearbeitet haben?<\/strong><\/p><p>Ja, und das tun wir oft. Viele Kunden kommen zu uns, nachdem sie anderswo entt\u00e4uschende Ergebnisse erzielt haben. Wir beginnen mit einer vollst\u00e4ndigen Pr\u00fcfung der bisherigen Arbeit, stellen fest, was funktioniert und was nicht, und bauen auf einer klaren Ausgangsbasis auf. F\u00fcr die bereits geleistete Arbeit gibt es keine Strafe.<\/p><p><strong>Wie fangen wir an?<\/strong><\/p><p>Kopf nach <a href=\"https:\/\/www.wpconsults.com\/de\/arbeit-mit-wpconsults\/\">kontaktieren Sie uns<\/a> Seite und f\u00fcllen Sie das kurze Anfrageformular aus. Wir werden Ihre Angaben pr\u00fcfen und uns innerhalb eines Werktages melden, um einen Termin f\u00fcr Ihr Informationsgespr\u00e4ch zu vereinbaren.<\/p>\t\t\t\t\t\t\t\t<\/div>\n\t\t\t\t<\/div>\n\t\t\t\t\t<\/div>\n\t\t\t\t<\/div>\n\t\t\t\t<\/div>","protected":false},"excerpt":{"rendered":"<p>H\u00e4ufig gestellte Fragen F\u00fcr wen ist WpConsults gedacht? WpConsults arbeitet ausschlie\u00dflich mit eCommerce-Marken zusammen. Wenn Sie Produkte online verkaufen und den organischen Traffic erh\u00f6hen, die Sichtbarkeit in der Suche verbessern und in den KI-gest\u00fctzten Ergebnissen auftauchen m\u00f6chten, sind Sie bei uns richtig. Wir betreuen haupts\u00e4chlich Kunden in den USA, mit aktiven Kampagnen in Kanada, Gro\u00dfbritannien und Australien....<\/p>","protected":false},"author":1,"featured_media":3246,"parent":0,"menu_order":0,"comment_status":"closed","ping_status":"closed","template":"elementor_header_footer","meta":{"_sitemap_exclude":false,"_sitemap_priority":"","_sitemap_frequency":"","_kad_post_transparent":"","_kad_post_title":"hide","_kad_post_layout":"fullwidth","_kad_post_sidebar_id":"","_kad_post_content_style":"unboxed","_kad_post_vertical_padding":"hide","_kad_post_feature":"hide","_kad_post_feature_position":"","_kad_post_header":false,"_kad_post_footer":false,"_kad_post_classname":"","jetpack_post_was_ever_published":false,"footnotes":""},"class_list":["post-6044","page","type-page","status-publish","has-post-thumbnail","hentry"],"jetpack_sharing_enabled":true,"jetpack_likes_enabled":true,"jetpack_shortlink":"https:\/\/wp.me\/PboFy3-1zu","jetpack-related-posts":[],"_links":{"self":[{"href":"https:\/\/www.wpconsults.com\/de\/wp-json\/wp\/v2\/pages\/6044","targetHints":{"allow":["GET"]}}],"collection":[{"href":"https:\/\/www.wpconsults.com\/de\/wp-json\/wp\/v2\/pages"}],"about":[{"href":"https:\/\/www.wpconsults.com\/de\/wp-json\/wp\/v2\/types\/page"}],"author":[{"embeddable":true,"href":"https:\/\/www.wpconsults.com\/de\/wp-json\/wp\/v2\/users\/1"}],"replies":[{"embeddable":true,"href":"https:\/\/www.wpconsults.com\/de\/wp-json\/wp\/v2\/comments?post=6044"}],"version-history":[{"count":13,"href":"https:\/\/www.wpconsults.com\/de\/wp-json\/wp\/v2\/pages\/6044\/revisions"}],"predecessor-version":[{"id":6058,"href":"https:\/\/www.wpconsults.com\/de\/wp-json\/wp\/v2\/pages\/6044\/revisions\/6058"}],"wp:featuredmedia":[{"embeddable":true,"href":"https:\/\/www.wpconsults.com\/de\/wp-json\/wp\/v2\/media\/3246"}],"wp:attachment":[{"href":"https:\/\/www.wpconsults.com\/de\/wp-json\/wp\/v2\/media?parent=6044"}],"curies":[{"name":"wp","href":"https:\/\/api.w.org\/{rel}","templated":true}]}}