{"id":6026,"date":"2026-03-31T19:13:05","date_gmt":"2026-03-31T19:13:05","guid":{"rendered":"https:\/\/www.wpconsults.com\/?page_id=6026"},"modified":"2026-03-31T19:13:07","modified_gmt":"2026-03-31T19:13:07","slug":"arbeitsplatzpolitik","status":"publish","type":"page","link":"https:\/\/www.wpconsults.com\/de\/richtlinien\/arbeitsplatzpolitik\/","title":{"rendered":"Politik am Arbeitsplatz"},"content":{"rendered":"<p>Letzte Aktualisierung: 01 April 2026<\/p>\n\n\n\n<h2 class=\"wp-block-heading\"><strong>1. Zweck<\/strong><\/h2>\n\n\n\n<p>Diese Arbeitsplatzpolitik umrei\u00dft die Standards, Erwartungen und Verfahren f\u00fcr alle Teammitglieder, Auftragnehmer, Freiberufler und Partner, die mit WpConsults LLC arbeiten. Das Ziel ist es, ein professionelles, respektvolles, produktives und sicheres Arbeitsumfeld zu schaffen.<\/p>\n\n\n\n<h2 class=\"wp-block-heading\"><strong>2. Balance Chance<\/strong><\/h2>\n\n\n\n<p>WpConsults LLC ist bestrebt, allen Mitarbeitern und Auftragnehmern unabh\u00e4ngig von Ethnie, Hautfarbe, Alter, Behinderung, nationaler Herkunft und Familienstand gleiche Chancen zu bieten.<\/p>\n\n\n\n<p>Diskriminierung, Bel\u00e4stigung oder unfaire Behandlung jeglicher Art werden nicht geduldet.<\/p>\n\n\n\n<h2 class=\"wp-block-heading\"><strong>3. Berufliches Verhalten<\/strong><\/h2>\n\n\n\n<p>Von allen Teammitgliedern wird erwartet, dass sie:<\/p>\n\n\n\n<ul class=\"wp-block-list\">\n<li>Behandeln Sie Kunden, Kollegen und Partner respektvoll.<\/li>\n\n\n\n<li>Bewahren Sie Ehrlichkeit und Professionalit\u00e4t in der Kommunikation.<\/li>\n\n\n\n<li>Vermeiden Sie missbr\u00e4uchliche, beleidigende, diskriminierende oder bedrohliche Formulierungen.<\/li>\n\n\n\n<li>Repr\u00e4sentieren Sie WpConsults LLC positiv in der \u00d6ffentlichkeit und online.<\/li>\n\n\n\n<li>Respektieren Sie kulturelle und pers\u00f6nliche Unterschiede.<\/li>\n\n\n\n<li>Befolgen Sie alle Unternehmensabl\u00e4ufe und -fristen.<\/li>\n<\/ul>\n\n\n\n<h2 class=\"wp-block-heading\"><strong>4. Anwesenheit und Verf\u00fcgbarkeit<\/strong><\/h2>\n\n\n\n<p>Von den Teammitgliedern wird erwartet, dass sie:<\/p>\n\n\n\n<ul class=\"wp-block-list\">\n<li>Sie m\u00fcssen w\u00e4hrend der vereinbarten Arbeitszeiten verf\u00fcgbar sein.<\/li>\n\n\n\n<li>P\u00fcnktliche Teilnahme an geplanten Sitzungen.<\/li>\n\n\n\n<li>Informieren Sie Vorgesetzte oder Teamleiter im Voraus, wenn sie abwesend, versp\u00e4tet oder nicht verf\u00fcgbar sind.<\/li>\n\n\n\n<li>Halten Sie Fristen ein und teilen Sie fr\u00fchzeitig mit, wenn Verz\u00f6gerungen zu erwarten sind.<\/li>\n<\/ul>\n\n\n\n<p>Fernarbeitskr\u00e4fte sollten regelm\u00e4\u00dfig \u00fcber genehmigte Unternehmensplattformen kommunizieren.<\/p>\n\n\n\n<h2 class=\"wp-block-heading\"><strong>5. Normen f\u00fcr Fernarbeit<\/strong><\/h2>\n\n\n\n<p>Als fernbedienungsfreundliches Unternehmen erwartet WpConsults LLC von allen Fernarbeitern, dass sie:<\/p>\n\n\n\n<ul class=\"wp-block-list\">\n<li>Aufrechterhaltung einer stabilen Internetverbindung und einer funktionierenden Ausr\u00fcstung.<\/li>\n\n\n\n<li>Arbeiten Sie in einem einigerma\u00dfen ruhigen und professionellen Umfeld.<\/li>\n\n\n\n<li>Wahrung der Vertraulichkeit bei der Arbeit aus der Ferne.<\/li>\n\n\n\n<li>Verwenden Sie sichere Passw\u00f6rter und aktivieren Sie nach M\u00f6glichkeit eine Zwei-Faktor-Authentifizierung.<\/li>\n\n\n\n<li>Vermeiden Sie die Nutzung von \u00f6ffentlichem Wi-Fi f\u00fcr sensible Unternehmensaufgaben, es sei denn, Sie verwenden ein VPN.<\/li>\n<\/ul>\n\n\n\n<h2 class=\"wp-block-heading\"><strong>6. Kommunikationspolitik<\/strong><\/h2>\n\n\n\n<p>Zu den zugelassenen Kommunikationsmitteln geh\u00f6ren E-Mail, Slack, Zoom, Google Meet, WhatsApp und ClickUp oder andere vom Unternehmen zugelassene Systeme.<\/p>\n\n\n\n<p>Die Teammitglieder sollten:<\/p>\n\n\n\n<ul class=\"wp-block-list\">\n<li>Beantworten Sie wichtige Nachrichten innerhalb eines angemessenen Zeitraums.<\/li>\n\n\n\n<li>Halten Sie die Kommunikation klar, respektvoll und professionell.<\/li>\n\n\n\n<li>Vermeiden Sie den Austausch vertraulicher Unternehmensinformationen \u00fcber ungesicherte Kan\u00e4le.<\/li>\n\n\n\n<li>Dokumentieren Sie wichtige Entscheidungen und Projektaktualisierungen.<\/li>\n<\/ul>\n\n\n\n<h2 class=\"wp-block-heading\"><strong>7. Vertraulichkeit und Datenschutz<\/strong><\/h2>\n\n\n\n<p>Alle Angestellten, Auftragnehmer und Freiberufler m\u00fcssen vertrauliche Informationen sch\u00fctzen, unter anderem:<\/p>\n\n\n\n<ul class=\"wp-block-list\">\n<li>Informationen zum Kunden<\/li>\n\n\n\n<li>Anmeldedaten<\/li>\n\n\n\n<li>Finanzielle Informationen<\/li>\n\n\n\n<li>Marketingstrategien<\/li>\n\n\n\n<li>SEO-Kampagnen und Berichte<\/li>\n\n\n\n<li>Interne Prozesse und Dokumente<\/li>\n<\/ul>\n\n\n\n<p>Vertrauliche Unternehmens- oder Kundeninformationen d\u00fcrfen nicht ohne Erlaubnis weitergegeben werden.<\/p>\n\n\n\n<p>Von den Teammitgliedern kann verlangt werden, dass sie eine Geheimhaltungsvereinbarung (NDA) unterzeichnen.<\/p>\n\n\n\n<h2 class=\"wp-block-heading\"><strong>8. Verwendung von Firmeneigentum und Konten<\/strong><\/h2>\n\n\n\n<p>Tools, Konten, Software und Abonnements des Unternehmens d\u00fcrfen nur f\u00fcr genehmigte Gesch\u00e4ftszwecke verwendet werden.<\/p>\n\n\n\n<p>Teammitglieder d\u00fcrfen nicht:<\/p>\n\n\n\n<ul class=\"wp-block-list\">\n<li>Weitergabe von Firmenpassw\u00f6rtern ohne Genehmigung.<\/li>\n\n\n\n<li>Nutzung von Firmenkonten f\u00fcr pers\u00f6nliche oder illegale Aktivit\u00e4ten.<\/li>\n\n\n\n<li>Herunterladen nicht autorisierter Software auf Firmenger\u00e4te.<\/li>\n\n\n\n<li>Kopieren, Stehlen oder Missbrauchen von Unternehmensdateien oder Kundenverm\u00f6gen.<\/li>\n<\/ul>\n\n\n\n<p>Wenn ein Teammitglied das Unternehmen verl\u00e4sst, m\u00fcssen alle Firmeneigent\u00fcmer, Akten und Zugangsberechtigungen unverz\u00fcglich zur\u00fcckgegeben oder entfernt werden.<\/p>\n\n\n\n<h2 class=\"wp-block-heading\"><strong>9. Soziale Medien und \u00f6ffentliche Repr\u00e4sentation<\/strong><\/h2>\n\n\n\n<p>Mitarbeiter und Auftragnehmer sollten verantwortungsvoll handeln, wenn sie online \u00fcber WpConsults LLC sprechen.<\/p>\n\n\n\n<p>Teammitglieder d\u00fcrfen nicht:<\/p>\n\n\n\n<ul class=\"wp-block-list\">\n<li>Weitergabe vertraulicher Kundeninformationen.<\/li>\n\n\n\n<li>falsche Behauptungen \u00fcber Dienstleistungen oder Ergebnisse des Unternehmens aufstellen.<\/li>\n\n\n\n<li>Beleidigende Inhalte zu ver\u00f6ffentlichen, die dem Ruf des Unternehmens schaden k\u00f6nnten.<\/li>\n\n\n\n<li>Pers\u00f6nliche Meinungen als offizielle Erkl\u00e4rungen des Unternehmens darstellen.<\/li>\n<\/ul>\n\n\n\n<h2 class=\"wp-block-heading\"><strong>10. Anti-Bel\u00e4stigungs-Politik<\/strong><\/h2>\n\n\n\n<p>WpConsults LLC verfolgt eine Null-Toleranz-Politik gegen\u00fcber Bel\u00e4stigung, Mobbing, Einsch\u00fcchterung, Diskriminierung oder Vergeltung.<\/p>\n\n\n\n<p>Dazu geh\u00f6ren:<\/p>\n\n\n\n<ul class=\"wp-block-list\">\n<li>Beschimpfungen<\/li>\n\n\n\n<li>Bedrohungen<\/li>\n\n\n\n<li>Sexuelle Bel\u00e4stigung<\/li>\n\n\n\n<li>Beleidigende Witze oder Kommentare<\/li>\n\n\n\n<li>Wiederholter unerw\u00fcnschter Kontakt<\/li>\n\n\n\n<li>Diskriminierendes Verhalten<\/li>\n<\/ul>\n\n\n\n<p>Etwaige Bedenken sollten unverz\u00fcglich der Gesch\u00e4ftsleitung gemeldet werden.<\/p>\n\n\n\n<h2 class=\"wp-block-heading\"><strong>11. Interessenkonflikt<\/strong><\/h2>\n\n\n\n<p>Teammitglieder m\u00fcssen Aktivit\u00e4ten vermeiden, die in Konflikt mit den Interessen von WpConsults LLC stehen.<\/p>\n\n\n\n<p>Dies kann Folgendes beinhalten:<\/p>\n\n\n\n<ul class=\"wp-block-list\">\n<li>Zusammenarbeit mit direkten Konkurrenten ohne Genehmigung<\/li>\n\n\n\n<li>Missbrauch von vertraulichen Informationen<\/li>\n\n\n\n<li>Nutzung von Unternehmenszeit oder -ressourcen f\u00fcr nicht verwandte pers\u00f6nliche Angelegenheiten<\/li>\n\n\n\n<li>Annahme von Geschenken oder Zahlungen, die Gesch\u00e4ftsentscheidungen beeinflussen<\/li>\n<\/ul>\n\n\n\n<p>Potenzielle Interessenkonflikte sollten der Gesch\u00e4ftsleitung gegen\u00fcber offengelegt werden.<\/p>\n\n\n\n<h2 class=\"wp-block-heading\"><strong>12. Leistungserwartungen<\/strong><\/h2>\n\n\n\n<p>Von Mitarbeitern und Auftragnehmern wird erwartet, dass sie sich daran halten:<\/p>\n\n\n\n<ul class=\"wp-block-list\">\n<li>Erledigen Sie Ihre Arbeit sorgf\u00e4ltig und p\u00fcnktlich.<\/li>\n\n\n\n<li>Aufrechterhaltung hoher Qualit\u00e4tsstandards.<\/li>\n\n\n\n<li>Befolgen Sie die Projektanforderungen und -anweisungen.<\/li>\n\n\n\n<li>Suchen Sie bei Bedarf nach einer Kl\u00e4rung.<\/li>\n\n\n\n<li>ihre F\u00e4higkeiten und Kenntnisse kontinuierlich zu verbessern.<\/li>\n<\/ul>\n\n\n\n<p>Die wiederholte Nichteinhaltung von Leistungsstandards kann zu Verwarnungen, Aussetzung oder K\u00fcndigung f\u00fchren.<\/p>\n\n\n\n<h2 class=\"wp-block-heading\"><strong>13. Gesundheit und Wohlbefinden<\/strong><\/h2>\n\n\n\n<p>WpConsults LLC f\u00f6rdert eine gesunde Work-Life-Balance.<\/p>\n\n\n\n<p>Die Teammitglieder werden dazu ermutigt:<\/p>\n\n\n\n<ul class=\"wp-block-list\">\n<li>Legen Sie w\u00e4hrend der Arbeit angemessene Pausen ein.<\/li>\n\n\n\n<li>Vermeiden Sie Burnout, indem Sie Ihre Bedenken bez\u00fcglich der Arbeitsbelastung mitteilen.<\/li>\n\n\n\n<li>Nehmen Sie bei Bedarf eine Auszeit.<\/li>\n\n\n\n<li>Suchen Sie Unterst\u00fctzung, wenn sie mit Stress oder Arbeitsbelastung zu k\u00e4mpfen haben.<\/li>\n<\/ul>\n\n\n\n<h2 class=\"wp-block-heading\"><strong>14. Verst\u00f6\u00dfe gegen die Politik<\/strong><\/h2>\n\n\n\n<p>Verst\u00f6\u00dfe gegen diese Politik k\u00f6nnen disziplinarische Ma\u00dfnahmen nach sich ziehen, einschlie\u00dflich:<\/p>\n\n\n\n<ul class=\"wp-block-list\">\n<li>M\u00fcndliche Verwarnung<\/li>\n\n\n\n<li>Schriftliche Warnung<\/li>\n\n\n\n<li>Vor\u00fcbergehende Aussetzung<\/li>\n\n\n\n<li>Entzug des Zugangs zu Unternehmenssystemen<\/li>\n\n\n\n<li>Beendigung des Vertrags oder des Besch\u00e4ftigungsverh\u00e4ltnisses<\/li>\n\n\n\n<li>Rechtliche Schritte in schweren F\u00e4llen<\/li>\n<\/ul>\n\n\n\n<h2 class=\"wp-block-heading\"><strong>15. Politische Aktualisierungen<\/strong><\/h2>\n\n\n\n<p>WpConsults LLC beh\u00e4lt sich das Recht vor, diese Arbeitsplatzrichtlinie jederzeit zu aktualisieren oder zu \u00fcberarbeiten.<\/p>\n\n\n\n<p>Die Teammitglieder werden bei Bedarf \u00fcber wichtige Aktualisierungen informiert.<\/p>\n\n\n\n<h2 class=\"wp-block-heading\"><strong>16. Danksagung<\/strong><\/h2>\n\n\n\n<p>Von allen Angestellten, Auftragnehmern und Freiberuflern, die mit WpConsults LLC zusammenarbeiten, wird erwartet, dass sie Folgendes lesen, verstehen und befolgen<\/p>","protected":false},"excerpt":{"rendered":"<p>Letzte Aktualisierung: 01 April 2026 1. Zweck Diese Arbeitsplatzrichtlinie umrei\u00dft die Standards, Erwartungen und Verfahren f\u00fcr alle Teammitglieder, Auftragnehmer, Freiberufler und Partner, die mit WpConsults LLC arbeiten. Ziel ist es, ein professionelles, respektvolles, produktives und sicheres Arbeitsumfeld zu schaffen. 2. Chancengleichheit WpConsults LLC ist bestrebt, allen Mitarbeitern gleiche Chancen zu bieten...<\/p>","protected":false},"author":1,"featured_media":3246,"parent":5879,"menu_order":120,"comment_status":"closed","ping_status":"closed","template":"","meta":{"_sitemap_exclude":false,"_sitemap_priority":"","_sitemap_frequency":"","_kad_post_transparent":"","_kad_post_title":"","_kad_post_layout":"","_kad_post_sidebar_id":"","_kad_post_content_style":"","_kad_post_vertical_padding":"","_kad_post_feature":"","_kad_post_feature_position":"","_kad_post_header":false,"_kad_post_footer":false,"_kad_post_classname":"","footnotes":""},"class_list":["post-6026","page","type-page","status-publish","has-post-thumbnail","hentry"],"jetpack_sharing_enabled":true,"jetpack_likes_enabled":true,"jetpack_shortlink":"https:\/\/wp.me\/PboFy3-1zc","jetpack-related-posts":[],"_links":{"self":[{"href":"https:\/\/www.wpconsults.com\/de\/wp-json\/wp\/v2\/pages\/6026","targetHints":{"allow":["GET"]}}],"collection":[{"href":"https:\/\/www.wpconsults.com\/de\/wp-json\/wp\/v2\/pages"}],"about":[{"href":"https:\/\/www.wpconsults.com\/de\/wp-json\/wp\/v2\/types\/page"}],"author":[{"embeddable":true,"href":"https:\/\/www.wpconsults.com\/de\/wp-json\/wp\/v2\/users\/1"}],"replies":[{"embeddable":true,"href":"https:\/\/www.wpconsults.com\/de\/wp-json\/wp\/v2\/comments?post=6026"}],"version-history":[{"count":1,"href":"https:\/\/www.wpconsults.com\/de\/wp-json\/wp\/v2\/pages\/6026\/revisions"}],"predecessor-version":[{"id":6028,"href":"https:\/\/www.wpconsults.com\/de\/wp-json\/wp\/v2\/pages\/6026\/revisions\/6028"}],"up":[{"embeddable":true,"href":"https:\/\/www.wpconsults.com\/de\/wp-json\/wp\/v2\/pages\/5879"}],"wp:featuredmedia":[{"embeddable":true,"href":"https:\/\/www.wpconsults.com\/de\/wp-json\/wp\/v2\/media\/3246"}],"wp:attachment":[{"href":"https:\/\/www.wpconsults.com\/de\/wp-json\/wp\/v2\/media?parent=6026"}],"curies":[{"name":"wp","href":"https:\/\/api.w.org\/{rel}","templated":true}]}}