{"id":5908,"date":"2026-03-30T21:30:42","date_gmt":"2026-03-30T21:30:42","guid":{"rendered":"https:\/\/www.wpconsults.com\/?page_id=5908"},"modified":"2026-03-30T21:30:45","modified_gmt":"2026-03-30T21:30:45","slug":"ccpa-cpra-datenschutzhinweis","status":"publish","type":"page","link":"https:\/\/www.wpconsults.com\/de\/richtlinien\/ccpa-cpra-datenschutzhinweis\/","title":{"rendered":"CCPA \/ CPRA Datenschutzhinweis"},"content":{"rendered":"<h2 class=\"wp-block-heading\"><strong>Kalifornischer Datenschutzhinweis (CCPA\/CPRA)<\/strong><\/h2>\n\n\n\n<p>Zuletzt aktualisiert: 31. M\u00e4rz 2026<\/p>\n\n\n\n<p>Dieser Abschnitt gilt f\u00fcr Einwohner von Kalifornien gem\u00e4\u00df dem California Consumer Privacy Act und seiner Erg\u00e4nzung, dem California Privacy Rights Act.<\/p>\n\n\n\n<h2 class=\"wp-block-heading\">Kategorien der gesammelten pers\u00f6nlichen Informationen<\/h2>\n\n\n\n<p>Wir k\u00f6nnen sammeln:<\/p>\n\n\n\n<ul class=\"wp-block-list\">\n<li>Identifikatoren (Name, E-Mail, IP-Adresse)<\/li>\n\n\n\n<li>Internetaktivit\u00e4ten (Website-Interaktionen, Analysedaten)<\/li>\n\n\n\n<li>Kommerzielle Informationen (gekaufte Dienstleistungen)<\/li>\n<\/ul>\n\n\n\n<h2 class=\"wp-block-heading\">Quellen der Daten<\/h2>\n\n\n\n<p>Wir sammeln Daten von:<\/p>\n\n\n\n<ul class=\"wp-block-list\">\n<li>Direkte Benutzereingaben (Formulare, Kontaktanfragen)<\/li>\n\n\n\n<li>Analysetools wie Google Analytics<\/li>\n\n\n\n<li>Werbeplattformen (z. B. Meta Ads, Google Ads)<\/li>\n<\/ul>\n\n\n\n<h2 class=\"wp-block-heading\">Zweck der Datenerhebung<\/h2>\n\n\n\n<p>Wir verwenden personenbezogene Daten, um:<\/p>\n\n\n\n<ul class=\"wp-block-list\">\n<li>Bereitstellung und Verbesserung von Dienstleistungen<\/li>\n\n\n\n<li>Verwalten von Kampagnen<\/li>\n\n\n\n<li>Mit Kunden kommunizieren<\/li>\n\n\n\n<li>Analysieren Sie die Leistung der Website<\/li>\n<\/ul>\n\n\n\n<h2 class=\"wp-block-heading\">Weitergabe von Informationen<\/h2>\n\n\n\n<p>Wir k\u00f6nnen Daten weitergeben an:<\/p>\n\n\n\n<ul class=\"wp-block-list\">\n<li>Zahlungsabwickler wie Stripe<\/li>\n\n\n\n<li>Anbieter von Werbung und Analysen<\/li>\n<\/ul>\n\n\n\n<p>Wir tun <strong>keine pers\u00f6nlichen Daten verkaufen<\/strong>.<\/p>\n\n\n\n<h2 class=\"wp-block-heading\">Ihre Rechte nach CCPA\/CPRA<\/h2>\n\n\n\n<p>Die Einwohner Kaliforniens haben das Recht auf:<\/p>\n\n\n\n<ul class=\"wp-block-list\">\n<li>Antrag auf Zugang zu personenbezogenen Daten<\/li>\n\n\n\n<li>Beantragung der L\u00f6schung von personenbezogenen Daten<\/li>\n\n\n\n<li>Richtigstellung ungenauer Informationen<\/li>\n\n\n\n<li>Abmeldung von der gemeinsamen Datennutzung (falls zutreffend)<\/li>\n<\/ul>\n\n\n\n<p>Sie k\u00f6nnen Ihre Rechte hier wahrnehmen:<br>\ud83d\udc49 <a href=\"https:\/\/oag.ca.gov\/privacy\/ccpa\" rel=\"nofollow noopener\" target=\"_blank\">https:\/\/oag.ca.gov\/privacy\/ccpa<\/a><\/p>\n\n\n\n<h2 class=\"wp-block-heading\">Nicht-Diskriminierung<\/h2>\n\n\n\n<p>Wir diskriminieren keine Nutzer, die ihre Datenschutzrechte wahrnehmen.<\/p>\n\n\n\n<h2 class=\"wp-block-heading\">Wie man Antr\u00e4ge einreicht<\/h2>\n\n\n\n<p>Zur Aus\u00fcbung Ihrer Rechte,<a href=\"https:\/\/www.wpconsults.com\/de\/richtlinien\/beschwerde\/\" data-type=\"page\" data-id=\"5887\"> Kontakt hier<\/a><\/p>\n\n\n\n<p>Wir k\u00f6nnen Ihre Identit\u00e4t \u00fcberpr\u00fcfen, bevor wir Anfragen bearbeiten.<\/p>\n\n\n\n<p><\/p>","protected":false},"excerpt":{"rendered":"<p>Kalifornischer Datenschutzhinweis (CCPA\/CPRA) Zuletzt aktualisiert: 31. M\u00e4rz 2026 Dieser Abschnitt gilt f\u00fcr Einwohner von Kalifornien gem\u00e4\u00df dem California Consumer Privacy Act und dessen Erg\u00e4nzung, dem California Privacy Rights Act. Kategorien der gesammelten pers\u00f6nlichen Daten Wir k\u00f6nnen sie sammeln: Datenquellen Wir sammeln Daten von: Zweck der Datenerhebung Wir verwenden personenbezogene Daten, um: Teilen...<\/p>","protected":false},"author":1,"featured_media":3246,"parent":5879,"menu_order":211,"comment_status":"closed","ping_status":"closed","template":"","meta":{"_sitemap_exclude":false,"_sitemap_priority":"","_sitemap_frequency":"","_kad_post_transparent":"","_kad_post_title":"","_kad_post_layout":"","_kad_post_sidebar_id":"","_kad_post_content_style":"","_kad_post_vertical_padding":"","_kad_post_feature":"","_kad_post_feature_position":"","_kad_post_header":false,"_kad_post_footer":false,"_kad_post_classname":"","footnotes":""},"class_list":["post-5908","page","type-page","status-publish","has-post-thumbnail","hentry"],"jetpack_sharing_enabled":true,"jetpack_likes_enabled":true,"jetpack_shortlink":"https:\/\/wp.me\/PboFy3-1xi","jetpack-related-posts":[],"_links":{"self":[{"href":"https:\/\/www.wpconsults.com\/de\/wp-json\/wp\/v2\/pages\/5908","targetHints":{"allow":["GET"]}}],"collection":[{"href":"https:\/\/www.wpconsults.com\/de\/wp-json\/wp\/v2\/pages"}],"about":[{"href":"https:\/\/www.wpconsults.com\/de\/wp-json\/wp\/v2\/types\/page"}],"author":[{"embeddable":true,"href":"https:\/\/www.wpconsults.com\/de\/wp-json\/wp\/v2\/users\/1"}],"replies":[{"embeddable":true,"href":"https:\/\/www.wpconsults.com\/de\/wp-json\/wp\/v2\/comments?post=5908"}],"version-history":[{"count":1,"href":"https:\/\/www.wpconsults.com\/de\/wp-json\/wp\/v2\/pages\/5908\/revisions"}],"predecessor-version":[{"id":5909,"href":"https:\/\/www.wpconsults.com\/de\/wp-json\/wp\/v2\/pages\/5908\/revisions\/5909"}],"up":[{"embeddable":true,"href":"https:\/\/www.wpconsults.com\/de\/wp-json\/wp\/v2\/pages\/5879"}],"wp:featuredmedia":[{"embeddable":true,"href":"https:\/\/www.wpconsults.com\/de\/wp-json\/wp\/v2\/media\/3246"}],"wp:attachment":[{"href":"https:\/\/www.wpconsults.com\/de\/wp-json\/wp\/v2\/media?parent=5908"}],"curies":[{"name":"wp","href":"https:\/\/api.w.org\/{rel}","templated":true}]}}