{"id":5902,"date":"2026-03-30T21:23:27","date_gmt":"2026-03-30T21:23:27","guid":{"rendered":"https:\/\/www.wpconsults.com\/?page_id=5902"},"modified":"2026-03-30T22:14:22","modified_gmt":"2026-03-30T22:14:22","slug":"politik-des-geistigen-eigentums","status":"publish","type":"page","link":"https:\/\/www.wpconsults.com\/de\/richtlinien\/politik-des-geistigen-eigentums\/","title":{"rendered":"Politik zum geistigen Eigentum"},"content":{"rendered":"<h1 class=\"wp-block-heading\"><strong>Politik zum geistigen Eigentum<\/strong><\/h1>\n\n\n\n<p>Alle erstellten Arbeiten bleiben bis zur vollst\u00e4ndigen Bezahlung unser Eigentum.<\/p>\n\n\n\n<p>Nach vollst\u00e4ndiger Bezahlung:<\/p>\n\n\n\n<ul class=\"wp-block-list\">\n<li>Das Eigentum geht auf den Kunden \u00fcber<\/li>\n\n\n\n<li>Wir k\u00f6nnen uns die Rechte vorbehalten, unsere Arbeit im Portfolio zu pr\u00e4sentieren.<\/li>\n<\/ul>\n\n\n\n<p>Unerlaubte Nutzung oder Vervielf\u00e4ltigung vor der Bezahlung ist verboten.<\/p>","protected":false},"excerpt":{"rendered":"<p>Geistiges Eigentum Alle erstellten Arbeiten bleiben bis zur vollst\u00e4ndigen Bezahlung unser Eigentum. Nach vollst\u00e4ndiger Bezahlung: Unerlaubte Nutzung oder Vervielf\u00e4ltigung vor der Bezahlung ist verboten.<\/p>","protected":false},"author":1,"featured_media":3246,"parent":5879,"menu_order":217,"comment_status":"closed","ping_status":"closed","template":"","meta":{"_sitemap_exclude":false,"_sitemap_priority":"","_sitemap_frequency":"","_kad_post_transparent":"","_kad_post_title":"","_kad_post_layout":"","_kad_post_sidebar_id":"","_kad_post_content_style":"","_kad_post_vertical_padding":"","_kad_post_feature":"","_kad_post_feature_position":"","_kad_post_header":false,"_kad_post_footer":false,"_kad_post_classname":"","footnotes":""},"class_list":["post-5902","page","type-page","status-publish","has-post-thumbnail","hentry"],"jetpack_sharing_enabled":true,"jetpack_likes_enabled":true,"jetpack_shortlink":"https:\/\/wp.me\/PboFy3-1xc","jetpack-related-posts":[],"_links":{"self":[{"href":"https:\/\/www.wpconsults.com\/de\/wp-json\/wp\/v2\/pages\/5902","targetHints":{"allow":["GET"]}}],"collection":[{"href":"https:\/\/www.wpconsults.com\/de\/wp-json\/wp\/v2\/pages"}],"about":[{"href":"https:\/\/www.wpconsults.com\/de\/wp-json\/wp\/v2\/types\/page"}],"author":[{"embeddable":true,"href":"https:\/\/www.wpconsults.com\/de\/wp-json\/wp\/v2\/users\/1"}],"replies":[{"embeddable":true,"href":"https:\/\/www.wpconsults.com\/de\/wp-json\/wp\/v2\/comments?post=5902"}],"version-history":[{"count":2,"href":"https:\/\/www.wpconsults.com\/de\/wp-json\/wp\/v2\/pages\/5902\/revisions"}],"predecessor-version":[{"id":5929,"href":"https:\/\/www.wpconsults.com\/de\/wp-json\/wp\/v2\/pages\/5902\/revisions\/5929"}],"up":[{"embeddable":true,"href":"https:\/\/www.wpconsults.com\/de\/wp-json\/wp\/v2\/pages\/5879"}],"wp:featuredmedia":[{"embeddable":true,"href":"https:\/\/www.wpconsults.com\/de\/wp-json\/wp\/v2\/media\/3246"}],"wp:attachment":[{"href":"https:\/\/www.wpconsults.com\/de\/wp-json\/wp\/v2\/media?parent=5902"}],"curies":[{"name":"wp","href":"https:\/\/api.w.org\/{rel}","templated":true}]}}