{"id":5899,"date":"2026-03-30T21:22:37","date_gmt":"2026-03-30T21:22:37","guid":{"rendered":"https:\/\/www.wpconsults.com\/?page_id=5899"},"modified":"2026-03-30T21:34:42","modified_gmt":"2026-03-30T21:34:42","slug":"datenverarbeitung-dpa","status":"publish","type":"page","link":"https:\/\/www.wpconsults.com\/de\/richtlinien\/datenverarbeitung-dpa\/","title":{"rendered":"Datenverarbeitung (DPA)"},"content":{"rendered":"<h1 class=\"wp-block-heading\"><strong>Zusatzvereinbarung zur Datenverarbeitung (DPA)<\/strong><\/h1>\n\n\n\n<p>Wir verarbeiten personenbezogene Daten in \u00dcbereinstimmung mit den geltenden Gesetzen, einschlie\u00dflich GDPR.<\/p>\n\n\n\n<h2 class=\"wp-block-heading\">Rolle<\/h2>\n\n\n\n<ul class=\"wp-block-list\">\n<li>Kunde = Data Controller<\/li>\n\n\n\n<li>Wir = Datenverarbeiter<\/li>\n<\/ul>\n\n\n\n<h2 class=\"wp-block-heading\">Datenverwendung<\/h2>\n\n\n\n<p>Wir verarbeiten Daten nur, um:<\/p>\n\n\n\n<ul class=\"wp-block-list\">\n<li>Erbringung vereinbarter Dienstleistungen<\/li>\n\n\n\n<li>Die Leistung verbessern<\/li>\n<\/ul>\n\n\n\n<h2 class=\"wp-block-heading\">Sicherheit<\/h2>\n\n\n\n<p>Wir ergreifen angemessene Sicherheitsma\u00dfnahmen zum Schutz der Daten.<\/p>\n\n\n\n<h2 class=\"wp-block-heading\">Dritte Parteien<\/h2>\n\n\n\n<p>Wir k\u00f6nnen Hilfsmittel wie diese verwenden:<\/p>\n\n\n\n<ul class=\"wp-block-list\">\n<li>Analytische Plattformen<\/li>\n\n\n\n<li>Werbenetzwerke<\/li>\n<\/ul>\n\n\n\n<p>Von allen Dritten wird erwartet, dass sie die Datenschutzgesetze einhalten.<\/p>","protected":false},"excerpt":{"rendered":"<p>Zusatz zur Datenverarbeitung (DPA) Wir verarbeiten personenbezogene Daten in \u00dcbereinstimmung mit den geltenden Gesetzen, einschlie\u00dflich GDPR. Rolle Datenverwendung Wir verarbeiten Daten nur zu: Sicherheit Wir setzen angemessene Sicherheitsma\u00dfnahmen ein, um Daten zu sch\u00fctzen. Dritte Wir verwenden m\u00f6glicherweise Tools wie: Von allen Drittparteien wird erwartet, dass sie die Datenschutzgesetze einhalten.<\/p>","protected":false},"author":1,"featured_media":3246,"parent":5879,"menu_order":215,"comment_status":"closed","ping_status":"closed","template":"","meta":{"_sitemap_exclude":false,"_sitemap_priority":"","_sitemap_frequency":"","_kad_post_transparent":"","_kad_post_title":"","_kad_post_layout":"","_kad_post_sidebar_id":"","_kad_post_content_style":"","_kad_post_vertical_padding":"","_kad_post_feature":"","_kad_post_feature_position":"","_kad_post_header":false,"_kad_post_footer":false,"_kad_post_classname":"","footnotes":""},"class_list":["post-5899","page","type-page","status-publish","has-post-thumbnail","hentry"],"jetpack_sharing_enabled":true,"jetpack_likes_enabled":true,"jetpack_shortlink":"https:\/\/wp.me\/PboFy3-1x9","jetpack-related-posts":[],"_links":{"self":[{"href":"https:\/\/www.wpconsults.com\/de\/wp-json\/wp\/v2\/pages\/5899","targetHints":{"allow":["GET"]}}],"collection":[{"href":"https:\/\/www.wpconsults.com\/de\/wp-json\/wp\/v2\/pages"}],"about":[{"href":"https:\/\/www.wpconsults.com\/de\/wp-json\/wp\/v2\/types\/page"}],"author":[{"embeddable":true,"href":"https:\/\/www.wpconsults.com\/de\/wp-json\/wp\/v2\/users\/1"}],"replies":[{"embeddable":true,"href":"https:\/\/www.wpconsults.com\/de\/wp-json\/wp\/v2\/comments?post=5899"}],"version-history":[{"count":2,"href":"https:\/\/www.wpconsults.com\/de\/wp-json\/wp\/v2\/pages\/5899\/revisions"}],"predecessor-version":[{"id":5912,"href":"https:\/\/www.wpconsults.com\/de\/wp-json\/wp\/v2\/pages\/5899\/revisions\/5912"}],"up":[{"embeddable":true,"href":"https:\/\/www.wpconsults.com\/de\/wp-json\/wp\/v2\/pages\/5879"}],"wp:featuredmedia":[{"embeddable":true,"href":"https:\/\/www.wpconsults.com\/de\/wp-json\/wp\/v2\/media\/3246"}],"wp:attachment":[{"href":"https:\/\/www.wpconsults.com\/de\/wp-json\/wp\/v2\/media?parent=5899"}],"curies":[{"name":"wp","href":"https:\/\/api.w.org\/{rel}","templated":true}]}}