{"id":5896,"date":"2026-03-30T21:21:35","date_gmt":"2026-03-30T21:21:35","guid":{"rendered":"https:\/\/www.wpconsults.com\/?page_id=5896"},"modified":"2026-03-30T22:13:01","modified_gmt":"2026-03-30T22:13:01","slug":"redaktionspolitik","status":"publish","type":"page","link":"https:\/\/www.wpconsults.com\/de\/richtlinien\/redaktionspolitik\/","title":{"rendered":"Redaktionelle Politik"},"content":{"rendered":"<h1 class=\"wp-block-heading\"><strong>Redaktionelle Politik<\/strong><\/h1>\n\n\n\n<p>F\u00fcr alle ver\u00f6ffentlichten Inhalte in Bezug auf SEO, AI, GEO, Werbung und Tutorials auf CMS-Plattformen wie WordPress und Shopify:<\/p>\n\n\n\n<ul class=\"wp-block-list\">\n<li>Die Informationen beruhen auf zuverl\u00e4ssigen und ma\u00dfgeblichen Quellen.<\/li>\n\n\n\n<li>Die Inhalte werden streng auf ihre Richtigkeit und Relevanz gepr\u00fcft.<\/li>\n\n\n\n<li>Aktualisierungen und Korrekturen werden umgehend vorgenommen, wenn dies zur Wahrung der Genauigkeit erforderlich ist.<\/li>\n\n\n\n<li>Es wird klar zwischen Meinungen und sachlichen Informationen unterschieden.<\/li>\n<\/ul>\n\n\n\n<p>Unser Ziel ist es, hilfreiche, informative und vertrauensw\u00fcrdige Inhalte zu liefern, die unser Publikum bei der Navigation durch die Komplexit\u00e4t von SEO, AI, GEO, Werbestrategien und CMS-Plattformen unterst\u00fctzen.<\/p>","protected":false},"excerpt":{"rendered":"<p>Redaktionspolitik F\u00fcr alle ver\u00f6ffentlichten Inhalte im Zusammenhang mit SEO, AI, GEO, Werbung und Tutorials zu CMS-Plattformen wie WordPress und Shopify: Unser Ziel ist es, hilfreiche, informative und vertrauensw\u00fcrdige Inhalte zu liefern, die unser Publikum bei der Navigation durch die Komplexit\u00e4t von SEO, AI, GEO, Werbestrategien und CMS-Plattformen unterst\u00fctzen.<\/p>","protected":false},"author":1,"featured_media":3246,"parent":5879,"menu_order":216,"comment_status":"closed","ping_status":"closed","template":"","meta":{"_sitemap_exclude":false,"_sitemap_priority":"","_sitemap_frequency":"","_kad_post_transparent":"","_kad_post_title":"","_kad_post_layout":"","_kad_post_sidebar_id":"","_kad_post_content_style":"","_kad_post_vertical_padding":"","_kad_post_feature":"","_kad_post_feature_position":"","_kad_post_header":false,"_kad_post_footer":false,"_kad_post_classname":"","footnotes":""},"class_list":["post-5896","page","type-page","status-publish","has-post-thumbnail","hentry"],"jetpack_sharing_enabled":true,"jetpack_likes_enabled":true,"jetpack_shortlink":"https:\/\/wp.me\/PboFy3-1x6","jetpack-related-posts":[],"_links":{"self":[{"href":"https:\/\/www.wpconsults.com\/de\/wp-json\/wp\/v2\/pages\/5896","targetHints":{"allow":["GET"]}}],"collection":[{"href":"https:\/\/www.wpconsults.com\/de\/wp-json\/wp\/v2\/pages"}],"about":[{"href":"https:\/\/www.wpconsults.com\/de\/wp-json\/wp\/v2\/types\/page"}],"author":[{"embeddable":true,"href":"https:\/\/www.wpconsults.com\/de\/wp-json\/wp\/v2\/users\/1"}],"replies":[{"embeddable":true,"href":"https:\/\/www.wpconsults.com\/de\/wp-json\/wp\/v2\/comments?post=5896"}],"version-history":[{"count":3,"href":"https:\/\/www.wpconsults.com\/de\/wp-json\/wp\/v2\/pages\/5896\/revisions"}],"predecessor-version":[{"id":5927,"href":"https:\/\/www.wpconsults.com\/de\/wp-json\/wp\/v2\/pages\/5896\/revisions\/5927"}],"up":[{"embeddable":true,"href":"https:\/\/www.wpconsults.com\/de\/wp-json\/wp\/v2\/pages\/5879"}],"wp:featuredmedia":[{"embeddable":true,"href":"https:\/\/www.wpconsults.com\/de\/wp-json\/wp\/v2\/media\/3246"}],"wp:attachment":[{"href":"https:\/\/www.wpconsults.com\/de\/wp-json\/wp\/v2\/media?parent=5896"}],"curies":[{"name":"wp","href":"https:\/\/api.w.org\/{rel}","templated":true}]}}