{"id":5887,"date":"2026-03-30T21:13:23","date_gmt":"2026-03-30T21:13:23","guid":{"rendered":"https:\/\/www.wpconsults.com\/?page_id=5887"},"modified":"2026-03-30T21:17:15","modified_gmt":"2026-03-30T21:17:15","slug":"beschwerde","status":"publish","type":"page","link":"https:\/\/www.wpconsults.com\/de\/richtlinien\/beschwerde\/","title":{"rendered":"Beschwerdepolitik"},"content":{"rendered":"<h1 class=\"wp-block-heading\"><strong>Beschwerdepolitik<\/strong><\/h1>\n\n\n\n<p>Zuletzt aktualisiert: 31. M\u00e4rz 2026<\/p>\n\n\n\n<p>Wir bem\u00fchen uns, qualitativ hochwertige Dienstleistungen zu erbringen. Wenn Sie unzufrieden sind, k\u00f6nnen Sie eine Beschwerde einreichen.<\/p>\n\n\n\n<h2 class=\"wp-block-heading\">Wie einreichen<\/h2>\n\n\n<div class=\"wp-block-jetpack-contact-form is-vertical is-content-justification-left is-nowrap is-layout-flex wp-container-jetpack-contact-form-is-layout-b13c9bd3 wp-block-jetpack-contact-form-is-layout-flex\"><a href=\"https:\/\/www.wpconsults.com\/de\/richtlinien\/beschwerde\/\" target=\"_blank\" rel=\"noopener noreferrer\">Formular einreichen.<\/a><\/div>\n\n\n<h2 class=\"wp-block-heading\">Prozess<\/h2>\n\n\n\n<ul class=\"wp-block-list\">\n<li>Empfangsbest\u00e4tigung innerhalb von 2 Werktagen<\/li>\n\n\n\n<li>Untersuchung innerhalb von 7 Werktagen<\/li>\n\n\n\n<li>L\u00f6sung innerhalb von 14 Arbeitstagen<\/li>\n<\/ul>\n\n\n\n<p>Wir bem\u00fchen uns um eine faire und rasche L\u00f6sung aller Beschwerden.<\/p>","protected":false},"excerpt":{"rendered":"<p>Beschwerderichtlinie Zuletzt aktualisiert: 31. M\u00e4rz 2026 Wir bem\u00fchen uns, qualitativ hochwertige Dienstleistungen zu erbringen. Wenn Sie unzufrieden sind, k\u00f6nnen Sie eine Beschwerde einreichen. Vorgehensweise Wir bem\u00fchen uns um eine faire und rasche L\u00f6sung aller Beschwerden.<\/p>","protected":false},"author":1,"featured_media":3246,"parent":5879,"menu_order":213,"comment_status":"closed","ping_status":"closed","template":"","meta":{"_sitemap_exclude":false,"_sitemap_priority":"","_sitemap_frequency":"","_kad_post_transparent":"","_kad_post_title":"","_kad_post_layout":"","_kad_post_sidebar_id":"","_kad_post_content_style":"","_kad_post_vertical_padding":"","_kad_post_feature":"","_kad_post_feature_position":"","_kad_post_header":false,"_kad_post_footer":false,"_kad_post_classname":"","footnotes":""},"class_list":["post-5887","page","type-page","status-publish","has-post-thumbnail","hentry"],"jetpack_sharing_enabled":true,"jetpack_likes_enabled":true,"jetpack_shortlink":"https:\/\/wp.me\/PboFy3-1wX","jetpack-related-posts":[],"_links":{"self":[{"href":"https:\/\/www.wpconsults.com\/de\/wp-json\/wp\/v2\/pages\/5887","targetHints":{"allow":["GET"]}}],"collection":[{"href":"https:\/\/www.wpconsults.com\/de\/wp-json\/wp\/v2\/pages"}],"about":[{"href":"https:\/\/www.wpconsults.com\/de\/wp-json\/wp\/v2\/types\/page"}],"author":[{"embeddable":true,"href":"https:\/\/www.wpconsults.com\/de\/wp-json\/wp\/v2\/users\/1"}],"replies":[{"embeddable":true,"href":"https:\/\/www.wpconsults.com\/de\/wp-json\/wp\/v2\/comments?post=5887"}],"version-history":[{"count":2,"href":"https:\/\/www.wpconsults.com\/de\/wp-json\/wp\/v2\/pages\/5887\/revisions"}],"predecessor-version":[{"id":5894,"href":"https:\/\/www.wpconsults.com\/de\/wp-json\/wp\/v2\/pages\/5887\/revisions\/5894"}],"up":[{"embeddable":true,"href":"https:\/\/www.wpconsults.com\/de\/wp-json\/wp\/v2\/pages\/5879"}],"wp:featuredmedia":[{"embeddable":true,"href":"https:\/\/www.wpconsults.com\/de\/wp-json\/wp\/v2\/media\/3246"}],"wp:attachment":[{"href":"https:\/\/www.wpconsults.com\/de\/wp-json\/wp\/v2\/media?parent=5887"}],"curies":[{"name":"wp","href":"https:\/\/api.w.org\/{rel}","templated":true}]}}