{"id":5885,"date":"2026-03-30T21:09:09","date_gmt":"2026-03-30T21:09:09","guid":{"rendered":"https:\/\/www.wpconsults.com\/?page_id=5885"},"modified":"2026-03-30T21:13:46","modified_gmt":"2026-03-30T21:13:46","slug":"zuganglichkeitserklarung","status":"publish","type":"page","link":"https:\/\/www.wpconsults.com\/de\/richtlinien\/zuganglichkeitserklarung\/","title":{"rendered":"Erkl\u00e4rung zur Zug\u00e4nglichkeit"},"content":{"rendered":"<h1 class=\"wp-block-heading\">Erkl\u00e4rung zur Zug\u00e4nglichkeit<\/h1>\n\n\n\n<p>Zuletzt aktualisiert: 31. M\u00e4rz 2026<\/p>\n\n\n\n<p>Wir sind bestrebt, unsere Website f\u00fcr alle Nutzer zug\u00e4nglich zu machen.<\/p>\n\n\n\n<p>Wir bem\u00fchen uns, bew\u00e4hrte Praktiken zu befolgen, die sich an den folgenden Kriterien orientieren:<\/p>\n\n\n\n<ul class=\"wp-block-list\">\n<li>Richtlinien f\u00fcr die Zug\u00e4nglichkeit von Webinhalten (WCAG)<\/li>\n<\/ul>\n\n\n\n<p>Wenn Sie Probleme mit der Zug\u00e4nglichkeit haben, kontaktieren Sie uns bitte <a href=\"\/de\/beschwerde\/\">hier<\/a>.<\/p>\n\n\n\n<p>Wir werden uns in angemessener Weise bem\u00fchen, Bedenken umgehend auszur\u00e4umen.<\/p>","protected":false},"excerpt":{"rendered":"<p>Erkl\u00e4rung zur Zug\u00e4nglichkeit Zuletzt aktualisiert: 31. M\u00e4rz 2026 Wir verpflichten uns, unsere Website f\u00fcr alle Nutzer zug\u00e4nglich zu machen. Wir bem\u00fchen uns, bew\u00e4hrte Praktiken zu befolgen, die mit dem Internet kompatibel sind: Wenn Sie Probleme mit der Zug\u00e4nglichkeit haben, kontaktieren Sie uns bitte hier. Wir werden uns bem\u00fchen, Ihre Probleme umgehend zu l\u00f6sen.<\/p>","protected":false},"author":1,"featured_media":3246,"parent":5879,"menu_order":210,"comment_status":"closed","ping_status":"closed","template":"","meta":{"_sitemap_exclude":false,"_sitemap_priority":"","_sitemap_frequency":"","_kad_post_transparent":"","_kad_post_title":"","_kad_post_layout":"","_kad_post_sidebar_id":"","_kad_post_content_style":"","_kad_post_vertical_padding":"","_kad_post_feature":"","_kad_post_feature_position":"","_kad_post_header":false,"_kad_post_footer":false,"_kad_post_classname":"","footnotes":""},"class_list":["post-5885","page","type-page","status-publish","has-post-thumbnail","hentry"],"jetpack_sharing_enabled":true,"jetpack_likes_enabled":true,"jetpack_shortlink":"https:\/\/wp.me\/PboFy3-1wV","jetpack-related-posts":[],"_links":{"self":[{"href":"https:\/\/www.wpconsults.com\/de\/wp-json\/wp\/v2\/pages\/5885","targetHints":{"allow":["GET"]}}],"collection":[{"href":"https:\/\/www.wpconsults.com\/de\/wp-json\/wp\/v2\/pages"}],"about":[{"href":"https:\/\/www.wpconsults.com\/de\/wp-json\/wp\/v2\/types\/page"}],"author":[{"embeddable":true,"href":"https:\/\/www.wpconsults.com\/de\/wp-json\/wp\/v2\/users\/1"}],"replies":[{"embeddable":true,"href":"https:\/\/www.wpconsults.com\/de\/wp-json\/wp\/v2\/comments?post=5885"}],"version-history":[{"count":2,"href":"https:\/\/www.wpconsults.com\/de\/wp-json\/wp\/v2\/pages\/5885\/revisions"}],"predecessor-version":[{"id":5890,"href":"https:\/\/www.wpconsults.com\/de\/wp-json\/wp\/v2\/pages\/5885\/revisions\/5890"}],"up":[{"embeddable":true,"href":"https:\/\/www.wpconsults.com\/de\/wp-json\/wp\/v2\/pages\/5879"}],"wp:featuredmedia":[{"embeddable":true,"href":"https:\/\/www.wpconsults.com\/de\/wp-json\/wp\/v2\/media\/3246"}],"wp:attachment":[{"href":"https:\/\/www.wpconsults.com\/de\/wp-json\/wp\/v2\/media?parent=5885"}],"curies":[{"name":"wp","href":"https:\/\/api.w.org\/{rel}","templated":true}]}}