{"id":5881,"date":"2026-03-30T21:05:33","date_gmt":"2026-03-30T21:05:33","guid":{"rendered":"https:\/\/www.wpconsults.com\/?page_id=5881"},"modified":"2026-03-30T21:05:35","modified_gmt":"2026-03-30T21:05:35","slug":"erstattungsrichtlinie","status":"publish","type":"page","link":"https:\/\/www.wpconsults.com\/de\/richtlinien\/erstattungsrichtlinie\/","title":{"rendered":"Erstattungspolitik"},"content":{"rendered":"<h1 class=\"wp-block-heading\"><strong>Erstattungspolitik<\/strong><\/h1>\n\n\n\n<p>Zuletzt aktualisiert: 31. M\u00e4rz 2026<\/p>\n\n\n\n<h2 class=\"wp-block-heading\">Allgemeine Politik<\/h2>\n\n\n\n<p>Aufgrund des Charakters digitaler Dienstleistungen sind Erstattungen nur begrenzt m\u00f6glich.<\/p>\n\n\n\n<h2 class=\"wp-block-heading\">Nicht erstattungsf\u00e4hig<\/h2>\n\n\n\n<ul class=\"wp-block-list\">\n<li>Abgeschlossene Arbeiten<\/li>\n\n\n\n<li>Fortlaufende Kampagnen nach der Initiierung<\/li>\n\n\n\n<li>Strategie, Audits und Beratungsdienste<\/li>\n<\/ul>\n\n\n\n<h2 class=\"wp-block-heading\">Bedingte Erstattungen<\/h2>\n\n\n\n<p>Erstattungen k\u00f6nnen in Betracht gezogen werden, wenn:<\/p>\n\n\n\n<ul class=\"wp-block-list\">\n<li>Die Arbeiten haben noch nicht begonnen<\/li>\n\n\n\n<li>Ein schriftlicher Antrag wird innerhalb von 48 Stunden nach der Zahlung eingereicht.<\/li>\n<\/ul>\n\n\n\n<h2 class=\"wp-block-heading\">Dienstleistungen f\u00fcr Kampagnen<\/h2>\n\n\n\n<p>F\u00fcr 4-monatige Kampagnen:<\/p>\n\n\n\n<ul class=\"wp-block-list\">\n<li>Die Zahlungen sind in der Regel nicht erstattungsf\u00e4hig, sobald die Ausf\u00fchrung beginnt.<\/li>\n\n\n\n<li>Eine vorzeitige K\u00fcndigung garantiert keine R\u00fcckerstattung<\/li>\n<\/ul>\n\n\n\n<h2 class=\"wp-block-heading\">Streitigkeiten \u00fcber Zahlungen<\/h2>\n\n\n\n<p>Die Kunden verpflichten sich, uns zu kontaktieren, bevor sie R\u00fcckbuchungen veranlassen.<\/p>","protected":false},"excerpt":{"rendered":"<p>Erstattungsrichtlinie Zuletzt aktualisiert: 31. M\u00e4rz 2026 Allgemeine Richtlinie Aufgrund der Natur digitaler Dienstleistungen sind Erstattungen begrenzt. Nicht erstattungsf\u00e4hige bedingte Erstattungen Erstattungen k\u00f6nnen in Betracht gezogen werden, wenn: Kampagnen-Dienstleistungen F\u00fcr 4-monatige Kampagnen: Zahlungsstreitigkeiten Kunden verpflichten sich, uns zu kontaktieren, bevor sie eine R\u00fcckbuchung veranlassen.<\/p>","protected":false},"author":1,"featured_media":3246,"parent":5879,"menu_order":220,"comment_status":"closed","ping_status":"closed","template":"","meta":{"_sitemap_exclude":false,"_sitemap_priority":"","_sitemap_frequency":"","_kad_post_transparent":"","_kad_post_title":"","_kad_post_layout":"","_kad_post_sidebar_id":"","_kad_post_content_style":"","_kad_post_vertical_padding":"","_kad_post_feature":"","_kad_post_feature_position":"","_kad_post_header":false,"_kad_post_footer":false,"_kad_post_classname":"","footnotes":""},"class_list":["post-5881","page","type-page","status-publish","has-post-thumbnail","hentry"],"jetpack_sharing_enabled":true,"jetpack_likes_enabled":true,"jetpack_shortlink":"https:\/\/wp.me\/PboFy3-1wR","jetpack-related-posts":[],"_links":{"self":[{"href":"https:\/\/www.wpconsults.com\/de\/wp-json\/wp\/v2\/pages\/5881","targetHints":{"allow":["GET"]}}],"collection":[{"href":"https:\/\/www.wpconsults.com\/de\/wp-json\/wp\/v2\/pages"}],"about":[{"href":"https:\/\/www.wpconsults.com\/de\/wp-json\/wp\/v2\/types\/page"}],"author":[{"embeddable":true,"href":"https:\/\/www.wpconsults.com\/de\/wp-json\/wp\/v2\/users\/1"}],"replies":[{"embeddable":true,"href":"https:\/\/www.wpconsults.com\/de\/wp-json\/wp\/v2\/comments?post=5881"}],"version-history":[{"count":1,"href":"https:\/\/www.wpconsults.com\/de\/wp-json\/wp\/v2\/pages\/5881\/revisions"}],"predecessor-version":[{"id":5882,"href":"https:\/\/www.wpconsults.com\/de\/wp-json\/wp\/v2\/pages\/5881\/revisions\/5882"}],"up":[{"embeddable":true,"href":"https:\/\/www.wpconsults.com\/de\/wp-json\/wp\/v2\/pages\/5879"}],"wp:featuredmedia":[{"embeddable":true,"href":"https:\/\/www.wpconsults.com\/de\/wp-json\/wp\/v2\/media\/3246"}],"wp:attachment":[{"href":"https:\/\/www.wpconsults.com\/de\/wp-json\/wp\/v2\/media?parent=5881"}],"curies":[{"name":"wp","href":"https:\/\/api.w.org\/{rel}","templated":true}]}}