{"id":5872,"date":"2026-03-30T21:00:55","date_gmt":"2026-03-30T21:00:55","guid":{"rendered":"https:\/\/www.wpconsults.com\/?page_id=5872"},"modified":"2026-03-30T21:25:22","modified_gmt":"2026-03-30T21:25:22","slug":"cookie-richtlinie","status":"publish","type":"page","link":"https:\/\/www.wpconsults.com\/de\/richtlinien\/cookie-richtlinie\/","title":{"rendered":"Cookie-Richtlinie"},"content":{"rendered":"<h1 class=\"wp-block-heading\"><strong>Cookie-Richtlinie<\/strong><\/h1>\n\n\n\n<p>Zuletzt aktualisiert: 31. M\u00e4rz 2026<\/p>\n\n\n\n<p>Diese Cookie-Richtlinie erkl\u00e4rt, wie wir Cookies und \u00e4hnliche Technologien verwenden, wenn Sie unsere Website besuchen.<\/p>\n\n\n\n<h2 class=\"wp-block-heading\">Was sind Cookies?<\/h2>\n\n\n\n<p>Cookies sind kleine Textdateien, die auf Ihrem Ger\u00e4t gespeichert werden, wenn Sie eine Website besuchen. Sie helfen, die Funktionalit\u00e4t zu verbessern, den Datenverkehr zu analysieren und die Benutzererfahrung zu personalisieren.<\/p>\n\n\n\n<h2 class=\"wp-block-heading\">Wie wir Cookies verwenden<\/h2>\n\n\n\n<p>Wir verwenden Cookies f\u00fcr die folgenden Zwecke:<\/p>\n\n\n\n<ul class=\"wp-block-list\">\n<li><strong>Unverzichtbare Cookies<\/strong>: F\u00fcr die Funktionalit\u00e4t der Website erforderlich<\/li>\n\n\n\n<li><strong>Analyse-Cookies<\/strong>: Um das Nutzerverhalten zu verstehen (z. B. Google Analytics)<\/li>\n\n\n\n<li><strong>Marketing-Cookies<\/strong>: Zur Verfolgung der Kampagnenleistung (z. B. Meta Pixel, Google Ads)<\/li>\n<\/ul>\n\n\n\n<h2 class=\"wp-block-heading\">Cookies von Drittanbietern<\/h2>\n\n\n\n<p>Wir k\u00f6nnen Dienste Dritter in Anspruch nehmen:<\/p>\n\n\n\n<ul class=\"wp-block-list\">\n<li>Google Analytics<\/li>\n\n\n\n<li>Meta-Anzeigen (Facebook)<\/li>\n\n\n\n<li>Andere Werbeplattformen<\/li>\n<\/ul>\n\n\n\n<p>Diese Anbieter k\u00f6nnen Daten gem\u00e4\u00df ihren eigenen Datenschutzrichtlinien sammeln.<\/p>\n\n\n\n<h2 class=\"wp-block-heading\">Verwaltung von Cookies<\/h2>\n\n\n\n<p>Sie k\u00f6nnen Cookies \u00fcber Ihre Browsereinstellungen steuern oder deaktivieren. Bitte beachten Sie, dass die Deaktivierung von Cookies die Funktionalit\u00e4t der Website beeintr\u00e4chtigen kann.<\/p>\n\n\n\n<h2 class=\"wp-block-heading\">Zustimmung<\/h2>\n\n\n\n<p>Durch die weitere Nutzung unserer Website erkl\u00e4ren Sie sich mit der Verwendung von Cookies wie in dieser Richtlinie beschrieben einverstanden.<\/p>","protected":false},"excerpt":{"rendered":"<p>Cookie-Richtlinie Zuletzt aktualisiert: 31. M\u00e4rz 2026 Diese Cookie-Richtlinie erkl\u00e4rt, wie wir Cookies und \u00e4hnliche Technologien verwenden, wenn Sie unsere Website besuchen. Was sind Cookies Cookies sind kleine Textdateien, die auf Ihrem Ger\u00e4t gespeichert werden, wenn Sie eine Website besuchen. Sie helfen, die Funktionalit\u00e4t zu verbessern, den Datenverkehr zu analysieren und die Benutzererfahrung zu personalisieren. Wie wir Cookies verwenden Wir...<\/p>","protected":false},"author":1,"featured_media":3246,"parent":5879,"menu_order":214,"comment_status":"closed","ping_status":"closed","template":"","meta":{"_sitemap_exclude":false,"_sitemap_priority":"","_sitemap_frequency":"","_kad_post_transparent":"","_kad_post_title":"","_kad_post_layout":"","_kad_post_sidebar_id":"","_kad_post_content_style":"","_kad_post_vertical_padding":"","_kad_post_feature":"","_kad_post_feature_position":"","_kad_post_header":false,"_kad_post_footer":false,"_kad_post_classname":"","footnotes":""},"class_list":["post-5872","page","type-page","status-publish","has-post-thumbnail","hentry"],"jetpack_sharing_enabled":true,"jetpack_likes_enabled":true,"jetpack_shortlink":"https:\/\/wp.me\/PboFy3-1wI","jetpack-related-posts":[],"_links":{"self":[{"href":"https:\/\/www.wpconsults.com\/de\/wp-json\/wp\/v2\/pages\/5872","targetHints":{"allow":["GET"]}}],"collection":[{"href":"https:\/\/www.wpconsults.com\/de\/wp-json\/wp\/v2\/pages"}],"about":[{"href":"https:\/\/www.wpconsults.com\/de\/wp-json\/wp\/v2\/types\/page"}],"author":[{"embeddable":true,"href":"https:\/\/www.wpconsults.com\/de\/wp-json\/wp\/v2\/users\/1"}],"replies":[{"embeddable":true,"href":"https:\/\/www.wpconsults.com\/de\/wp-json\/wp\/v2\/comments?post=5872"}],"version-history":[{"count":2,"href":"https:\/\/www.wpconsults.com\/de\/wp-json\/wp\/v2\/pages\/5872\/revisions"}],"predecessor-version":[{"id":5904,"href":"https:\/\/www.wpconsults.com\/de\/wp-json\/wp\/v2\/pages\/5872\/revisions\/5904"}],"up":[{"embeddable":true,"href":"https:\/\/www.wpconsults.com\/de\/wp-json\/wp\/v2\/pages\/5879"}],"wp:featuredmedia":[{"embeddable":true,"href":"https:\/\/www.wpconsults.com\/de\/wp-json\/wp\/v2\/media\/3246"}],"wp:attachment":[{"href":"https:\/\/www.wpconsults.com\/de\/wp-json\/wp\/v2\/media?parent=5872"}],"curies":[{"name":"wp","href":"https:\/\/api.w.org\/{rel}","templated":true}]}}