{"id":1546,"date":"2023-11-06T03:33:46","date_gmt":"2023-11-06T03:33:46","guid":{"rendered":"https:\/\/wpconsults.com\/?page_id=1546"},"modified":"2026-03-30T21:38:53","modified_gmt":"2026-03-30T21:38:53","slug":"offenlegung-der-website","status":"publish","type":"page","link":"https:\/\/www.wpconsults.com\/de\/richtlinien\/offenlegung-der-website\/","title":{"rendered":"Offenlegung der Website"},"content":{"rendered":"<p>Offenlegung der Website - WpConsults Web Development Agency<\/p>\n\n\n\n<p>Bei WpConsults legen wir gro\u00dfen Wert auf Transparenz und Offenheit, wenn es um die Daten geht, die wir sammeln und wie wir sie verwenden. Wir m\u00f6chten sicherstellen, dass unsere Nutzer \u00fcber die von uns verfolgten Praktiken vollst\u00e4ndig informiert sind. Bitte nehmen Sie sich einen Moment Zeit, um die folgenden Informationen \u00fcber die Offenlegung unserer Website zu lesen:<\/p>\n\n\n\n<h2 class=\"wp-block-heading\">Partner-Links:<\/h2>\n\n\n\n<p>WpConsults kann Partnerlinks auf unserer Website verwenden. Das bedeutet, dass wir, wenn Sie auf einen Link klicken und einen Kauf \u00fcber diesen Link t\u00e4tigen, eine Provision erhalten k\u00f6nnen, ohne dass Ihnen zus\u00e4tzliche Kosten entstehen. Diese Affiliate-Links helfen uns, unser Gesch\u00e4ft zu unterst\u00fctzen und erm\u00f6glichen es uns, weiterhin wertvolle Inhalte und Dienstleistungen anzubieten.<\/p>\n\n\n\n<h2 class=\"wp-block-heading\">Datenerfassung und -analyse:<\/h2>\n\n\n\n<p>Wir verwenden sowohl Microsoft Clarity als auch Google Analytics, um Nutzerdaten zu sammeln und zu analysieren. Diese Tools helfen uns, Einblicke in das Nutzerverhalten, die Leistung der Website und die allgemeine Nutzererfahrung zu gewinnen. Die Informationen, die wir sammeln, umfassen unter anderem:<\/p>\n\n\n\n<ul class=\"wp-block-list\">\n<li>Ger\u00e4te- und Browserinformationen<\/li>\n\n\n\n<li>IP-Adressen<\/li>\n\n\n\n<li>Besuchte Seiten<\/li>\n\n\n\n<li>Klicks und Interaktionen<\/li>\n\n\n\n<li>Verweisende Websites<\/li>\n\n\n\n<li>Demografische Informationen (falls vorhanden)<\/li>\n<\/ul>\n\n\n\n<h2 class=\"wp-block-heading\">Datenverwendung:<\/h2>\n\n\n\n<p>Die von uns erfassten Daten werden f\u00fcr verschiedene Zwecke verwendet, unter anderem f\u00fcr folgende:<\/p>\n\n\n\n<ul class=\"wp-block-list\">\n<li>Verbesserung unserer Website: Durch die Analyse des Nutzerverhaltens und der Interaktion k\u00f6nnen wir die Funktionalit\u00e4t und das Nutzererlebnis auf unserer Website verbessern.<\/li>\n\n\n\n<li>Verstehen der Nutzerpr\u00e4ferenzen: Die von uns gesammelten Informationen helfen uns, unsere Inhalte und Dienstleistungen besser auf die Bed\u00fcrfnisse und Vorlieben unserer Nutzer abzustimmen.<\/li>\n\n\n\n<li>Marketing und \u00d6ffentlichkeitsarbeit: Wir k\u00f6nnen die erfassten Daten verwenden, um mit den Nutzern \u00fcber Newsletter, Updates und Werbematerialien zu kommunizieren.<\/li>\n\n\n\n<li>Interne Forschung und Analyse: Wir analysieren die Daten, um Einblicke in Nutzertrends und -muster zu gewinnen, damit wir unsere Dienste und Angebote verbessern k\u00f6nnen.<\/li>\n<\/ul>\n\n\n\n<p>Weitere Einzelheiten zu unserer Datenerfassung, -speicherung und -nutzung finden Sie in unserer Datenschutzerkl\u00e4rung, die Sie unter folgender Adresse abrufen k\u00f6nnen <a href=\"https:\/\/www.wpconsults.com\/de\/datenschutzbestimmungen\/\" rel=\"nofollow noopener\" target=\"_blank\">https:\/\/wpconsults.com\/privacy-policy\/<\/a><\/p>\n\n\n\n<h2 class=\"wp-block-heading\">Zustimmung der Benutzer:<\/h2>\n\n\n\n<p>Durch die Nutzung dieser Website erkl\u00e4ren Sie sich mit der Erfassung und Verwendung Ihrer Daten durch WpConsults, Microsoft Clarity und Google Analytics, wie in dieser Website beschrieben, einverstanden. Wir empfehlen Ihnen, sich unsere <a href=\"https:\/\/www.wpconsults.com\/de\/datenschutzbestimmungen\/\" rel=\"nofollow noopener\" target=\"_blank\">Erkl\u00e4rung zum Datenschutz<\/a> f\u00fcr ein umfassendes Verst\u00e4ndnis unserer Datenpraktiken.<\/p>\n\n\n\n<p>Wenn Sie Bedenken oder Fragen zur Offenlegung unserer Website oder zur Datenerfassung haben, k\u00f6nnen Sie sich gerne an uns wenden. Wir sch\u00e4tzen Ihre Privatsph\u00e4re und m\u00f6chten Ihnen ein sicheres und vertrauensw\u00fcrdiges Surferlebnis bieten.<\/p>\n\n\n\n<p>Vielen Dank, dass Sie WpConsults als Ihre Webentwicklungsagentur gew\u00e4hlt haben. Wir sch\u00e4tzen Ihr Vertrauen in uns.<\/p>","protected":false},"excerpt":{"rendered":"<p>Site Disclosure - WpConsults Web Development Agency Bei WpConsults legen wir gro\u00dfen Wert auf Transparenz und Offenheit, wenn es um die Daten geht, die wir sammeln und wie wir sie verwenden. Wir m\u00f6chten sicherstellen, dass unsere Nutzer \u00fcber die von uns verfolgten Praktiken vollst\u00e4ndig informiert sind. Bitte nehmen Sie sich einen Moment Zeit, um die folgenden Informationen \u00fcber die Offenlegung unserer Website zu lesen:...<\/p>","protected":false},"author":1,"featured_media":3246,"parent":5879,"menu_order":222,"comment_status":"closed","ping_status":"closed","template":"","meta":{"_sitemap_exclude":false,"_sitemap_priority":"","_sitemap_frequency":"","_kad_post_transparent":"","_kad_post_title":"","_kad_post_layout":"","_kad_post_sidebar_id":"","_kad_post_content_style":"","_kad_post_vertical_padding":"","_kad_post_feature":"","_kad_post_feature_position":"","_kad_post_header":false,"_kad_post_footer":false,"_kad_post_classname":"","jetpack_post_was_ever_published":false,"footnotes":""},"class_list":["post-1546","page","type-page","status-publish","has-post-thumbnail","hentry"],"jetpack_sharing_enabled":true,"jetpack_likes_enabled":true,"jetpack_shortlink":"https:\/\/wp.me\/PboFy3-oW","jetpack-related-posts":[],"_links":{"self":[{"href":"https:\/\/www.wpconsults.com\/de\/wp-json\/wp\/v2\/pages\/1546","targetHints":{"allow":["GET"]}}],"collection":[{"href":"https:\/\/www.wpconsults.com\/de\/wp-json\/wp\/v2\/pages"}],"about":[{"href":"https:\/\/www.wpconsults.com\/de\/wp-json\/wp\/v2\/types\/page"}],"author":[{"embeddable":true,"href":"https:\/\/www.wpconsults.com\/de\/wp-json\/wp\/v2\/users\/1"}],"replies":[{"embeddable":true,"href":"https:\/\/www.wpconsults.com\/de\/wp-json\/wp\/v2\/comments?post=1546"}],"version-history":[{"count":1,"href":"https:\/\/www.wpconsults.com\/de\/wp-json\/wp\/v2\/pages\/1546\/revisions"}],"predecessor-version":[{"id":5914,"href":"https:\/\/www.wpconsults.com\/de\/wp-json\/wp\/v2\/pages\/1546\/revisions\/5914"}],"up":[{"embeddable":true,"href":"https:\/\/www.wpconsults.com\/de\/wp-json\/wp\/v2\/pages\/5879"}],"wp:featuredmedia":[{"embeddable":true,"href":"https:\/\/www.wpconsults.com\/de\/wp-json\/wp\/v2\/media\/3246"}],"wp:attachment":[{"href":"https:\/\/www.wpconsults.com\/de\/wp-json\/wp\/v2\/media?parent=1546"}],"curies":[{"name":"wp","href":"https:\/\/api.w.org\/{rel}","templated":true}]}}